{"id":3849,"date":"2021-05-02T18:54:29","date_gmt":"2021-05-02T16:54:29","guid":{"rendered":"http:\/\/sagastad.no\/king-of-the-fjord\/"},"modified":"2022-03-30T15:43:21","modified_gmt":"2022-03-30T13:43:21","slug":"king-of-the-fjord","status":"publish","type":"page","link":"https:\/\/sagastad.no\/en\/the-history\/king-of-the-fjord\/","title":{"rendered":"King of the Fjord"},"content":{"rendered":"\t\t<div data-elementor-type=\"wp-page\" data-elementor-id=\"3849\" class=\"elementor elementor-3849 elementor-2207\" data-elementor-post-type=\"page\">\n\t\t\t\t\t\t<section class=\"elementor-section elementor-top-section elementor-element elementor-element-43512350 elementor-section-boxed elementor-section-height-default elementor-section-height-default\" data-id=\"43512350\" data-element_type=\"section\" data-e-type=\"section\">\n\t\t\t\t\t\t<div class=\"elementor-container elementor-column-gap-default\">\n\t\t\t\t\t<div class=\"elementor-column elementor-col-33 elementor-top-column elementor-element elementor-element-7db7ac2d elementor-hidden-phone\" data-id=\"7db7ac2d\" data-element_type=\"column\" data-e-type=\"column\">\n\t\t\t<div class=\"elementor-widget-wrap elementor-element-populated\">\n\t\t\t\t\t\t<div class=\"elementor-element elementor-element-561b7bb elementor-widget elementor-widget-global elementor-global-4860 elementor-global-2875 elementor-widget-button\" data-id=\"561b7bb\" data-element_type=\"widget\" data-e-type=\"widget\" data-widget_type=\"button.default\">\n\t\t\t\t<div class=\"elementor-widget-container\">\n\t\t\t\t\t\t\t\t\t<div class=\"elementor-button-wrapper\">\n\t\t\t\t\t<a class=\"elementor-button elementor-button-link elementor-size-xs\" href=\"https:\/\/booking.sagastad.no\/en\/todo\" target=\"_blank\">\n\t\t\t\t\t\t<span class=\"elementor-button-content-wrapper\">\n\t\t\t\t\t\t\t\t\t<span class=\"elementor-button-text\">Buy ticket<\/span>\n\t\t\t\t\t<\/span>\n\t\t\t\t\t<\/a>\n\t\t\t\t<\/div>\n\t\t\t\t\t\t\t\t<\/div>\n\t\t\t\t<\/div>\n\t\t\t\t<div class=\"elementor-element elementor-element-585de985 elementor-nav-menu__align-start elementor-nav-menu--dropdown-none elementor-widget elementor-widget-nav-menu\" data-id=\"585de985\" data-element_type=\"widget\" data-e-type=\"widget\" data-settings=\"{&quot;layout&quot;:&quot;vertical&quot;,&quot;submenu_icon&quot;:{&quot;value&quot;:&quot;&lt;i class=\\&quot;fas fa-chevron-down\\&quot; aria-hidden=\\&quot;true\\&quot;&gt;&lt;\\\/i&gt;&quot;,&quot;library&quot;:&quot;fa-solid&quot;}}\" data-widget_type=\"nav-menu.default\">\n\t\t\t\t<div class=\"elementor-widget-container\">\n\t\t\t\t\t\t\t\t<nav aria-label=\"Menu\" class=\"elementor-nav-menu--main elementor-nav-menu__container elementor-nav-menu--layout-vertical e--pointer-none\">\n\t\t\t\t<ul id=\"menu-1-585de985\" class=\"elementor-nav-menu sm-vertical\"><li class=\"menu-item menu-item-type-post_type menu-item-object-page menu-item-4146\"><a href=\"https:\/\/sagastad.no\/en\/the-history\/the-myklebust-ship\/\" class=\"elementor-item\">The Myklebust Ship<\/a><\/li>\n<li class=\"menu-item menu-item-type-post_type menu-item-object-page menu-item-4147\"><a href=\"https:\/\/sagastad.no\/en\/the-history\/king-of-the-fjord\/\" class=\"elementor-item\">King of the Fjord<\/a><\/li>\n<li class=\"menu-item menu-item-type-post_type menu-item-object-page menu-item-4148\"><a href=\"https:\/\/sagastad.no\/en\/the-history\/the-grave-mounds\/\" class=\"elementor-item\">The grave mounds<\/a><\/li>\n<li class=\"menu-item menu-item-type-post_type menu-item-object-page menu-item-4149\"><a href=\"https:\/\/sagastad.no\/en\/the-history\/video\/\" class=\"elementor-item\">Video<\/a><\/li>\n<\/ul>\t\t\t<\/nav>\n\t\t\t\t\t\t<nav class=\"elementor-nav-menu--dropdown elementor-nav-menu__container\" aria-hidden=\"true\">\n\t\t\t\t<ul id=\"menu-2-585de985\" class=\"elementor-nav-menu sm-vertical\"><li class=\"menu-item menu-item-type-post_type menu-item-object-page menu-item-4146\"><a href=\"https:\/\/sagastad.no\/en\/the-history\/the-myklebust-ship\/\" class=\"elementor-item\" tabindex=\"-1\">The Myklebust Ship<\/a><\/li>\n<li class=\"menu-item menu-item-type-post_type menu-item-object-page menu-item-4147\"><a href=\"https:\/\/sagastad.no\/en\/the-history\/king-of-the-fjord\/\" class=\"elementor-item\" tabindex=\"-1\">King of the Fjord<\/a><\/li>\n<li class=\"menu-item menu-item-type-post_type menu-item-object-page menu-item-4148\"><a href=\"https:\/\/sagastad.no\/en\/the-history\/the-grave-mounds\/\" class=\"elementor-item\" tabindex=\"-1\">The grave mounds<\/a><\/li>\n<li class=\"menu-item menu-item-type-post_type menu-item-object-page menu-item-4149\"><a href=\"https:\/\/sagastad.no\/en\/the-history\/video\/\" class=\"elementor-item\" tabindex=\"-1\">Video<\/a><\/li>\n<\/ul>\t\t\t<\/nav>\n\t\t\t\t\t\t<\/div>\n\t\t\t\t<\/div>\n\t\t\t\t\t<\/div>\n\t\t<\/div>\n\t\t\t\t<div class=\"elementor-column elementor-col-66 elementor-top-column elementor-element elementor-element-79b0b33\" data-id=\"79b0b33\" data-element_type=\"column\" data-e-type=\"column\">\n\t\t\t<div class=\"elementor-widget-wrap elementor-element-populated\">\n\t\t\t\t\t\t<div class=\"elementor-element elementor-element-5bd45080 elementor-widget elementor-widget-text-editor\" data-id=\"5bd45080\" data-element_type=\"widget\" data-e-type=\"widget\" data-widget_type=\"text-editor.default\">\n\t\t\t\t<div class=\"elementor-widget-container\">\n\t\t\t\t\t\t\t\t\t<p>The size, location and contents of the burial mound at Myklebust, testify that the grave must have belonged to a king or a chieftain. The fjord county with Nordfjordeid as the chieftain&#8217;s seat was a very important district in the Viking Age, and several rich discoveries have been made from this time in the area.<\/p>\n\t\t\t\t\t\t\t\t<\/div>\n\t\t\t\t<\/div>\n\t\t\t\t\t<\/div>\n\t\t<\/div>\n\t\t\t\t\t<\/div>\n\t\t<\/section>\n\t\t\t\t<section class=\"elementor-section elementor-top-section elementor-element elementor-element-26767737 elementor-section-boxed elementor-section-height-default elementor-section-height-default\" data-id=\"26767737\" data-element_type=\"section\" data-e-type=\"section\" data-settings=\"{&quot;background_background&quot;:&quot;classic&quot;}\">\n\t\t\t\t\t\t<div class=\"elementor-container elementor-column-gap-default\">\n\t\t\t\t\t<div class=\"elementor-column elementor-col-100 elementor-top-column elementor-element elementor-element-623e39c6\" data-id=\"623e39c6\" data-element_type=\"column\" data-e-type=\"column\">\n\t\t\t<div class=\"elementor-widget-wrap elementor-element-populated\">\n\t\t\t\t\t\t<div class=\"elementor-element elementor-element-6e3a247 elementor-widget__width-initial elementor-widget-tablet__width-inherit elementor-widget elementor-widget-image\" data-id=\"6e3a247\" data-element_type=\"widget\" data-e-type=\"widget\" data-widget_type=\"image.default\">\n\t\t\t\t<div class=\"elementor-widget-container\">\n\t\t\t\t\t\t\t\t\t\t\t\t<figure class=\"wp-caption\">\n\t\t\t\t\t\t\t\t\t\t<img fetchpriority=\"high\" decoding=\"async\" width=\"730\" height=\"973\" src=\"https:\/\/sagastad.no\/wp-content\/uploads\/2021\/05\/02-Kongen-av-Fjordane-1-Francisco-Munoz.jpg\" class=\"attachment-full size-full wp-image-2645\" alt=\"King of the Fjords\" srcset=\"https:\/\/sagastad.no\/wp-content\/uploads\/2021\/05\/02-Kongen-av-Fjordane-1-Francisco-Munoz.jpg 730w, https:\/\/sagastad.no\/wp-content\/uploads\/2021\/05\/02-Kongen-av-Fjordane-1-Francisco-Munoz-300x400.jpg 300w, https:\/\/sagastad.no\/wp-content\/uploads\/2021\/05\/02-Kongen-av-Fjordane-1-Francisco-Munoz-500x666.jpg 500w\" sizes=\"(max-width: 730px) 100vw, 730px\" \/>\t\t\t\t\t\t\t\t\t\t\t<figcaption class=\"widget-image-caption wp-caption-text\">Photo: Francisco Munoz<\/figcaption>\n\t\t\t\t\t\t\t\t\t\t<\/figure>\n\t\t\t\t\t\t\t\t\t<\/div>\n\t\t\t\t<\/div>\n\t\t\t\t<div class=\"elementor-element elementor-element-79cc08ea elementor-widget__width-initial elementor-widget-tablet__width-inherit elementor-widget elementor-widget-image\" data-id=\"79cc08ea\" data-element_type=\"widget\" data-e-type=\"widget\" data-widget_type=\"image.default\">\n\t\t\t\t<div class=\"elementor-widget-container\">\n\t\t\t\t\t\t\t\t\t\t\t\t<figure class=\"wp-caption\">\n\t\t\t\t\t\t\t\t\t\t<img decoding=\"async\" width=\"730\" height=\"973\" data-src=\"https:\/\/sagastad.no\/wp-content\/uploads\/2021\/05\/02Kongen-av-fjordane-2-Ulf-Rugumayo-Amundsen.jpg\" class=\"attachment-full size-full wp-image-2647 lazyload\" alt=\"King of the Fjords\" data-srcset=\"https:\/\/sagastad.no\/wp-content\/uploads\/2021\/05\/02Kongen-av-fjordane-2-Ulf-Rugumayo-Amundsen.jpg 730w, https:\/\/sagastad.no\/wp-content\/uploads\/2021\/05\/02Kongen-av-fjordane-2-Ulf-Rugumayo-Amundsen-300x400.jpg 300w, https:\/\/sagastad.no\/wp-content\/uploads\/2021\/05\/02Kongen-av-fjordane-2-Ulf-Rugumayo-Amundsen-500x666.jpg 500w\" data-sizes=\"(max-width: 730px) 100vw, 730px\" src=\"data:image\/svg+xml;base64,PHN2ZyB3aWR0aD0iMSIgaGVpZ2h0PSIxIiB4bWxucz0iaHR0cDovL3d3dy53My5vcmcvMjAwMC9zdmciPjwvc3ZnPg==\" style=\"--smush-placeholder-width: 730px; --smush-placeholder-aspect-ratio: 730\/973;\" \/>\t\t\t\t\t\t\t\t\t\t\t<figcaption class=\"widget-image-caption wp-caption-text\">Photo: Ulf Rugumayo Amundsen<\/figcaption>\n\t\t\t\t\t\t\t\t\t\t<\/figure>\n\t\t\t\t\t\t\t\t\t<\/div>\n\t\t\t\t<\/div>\n\t\t\t\t\t<\/div>\n\t\t<\/div>\n\t\t\t\t\t<\/div>\n\t\t<\/section>\n\t\t\t\t<section class=\"elementor-section elementor-top-section elementor-element elementor-element-19c2fd51 elementor-section-boxed elementor-section-height-default elementor-section-height-default\" data-id=\"19c2fd51\" data-element_type=\"section\" data-e-type=\"section\">\n\t\t\t\t\t\t<div class=\"elementor-container elementor-column-gap-default\">\n\t\t\t\t\t<div class=\"elementor-column elementor-col-100 elementor-top-column elementor-element elementor-element-5915bf5e\" data-id=\"5915bf5e\" data-element_type=\"column\" data-e-type=\"column\">\n\t\t\t<div class=\"elementor-widget-wrap elementor-element-populated\">\n\t\t\t\t\t\t<div class=\"elementor-element elementor-element-42f655d2 elementor-widget__width-initial elementor-widget-tablet__width-inherit elementor-widget elementor-widget-text-editor\" data-id=\"42f655d2\" data-element_type=\"widget\" data-e-type=\"widget\" data-widget_type=\"text-editor.default\">\n\t\t\t\t<div class=\"elementor-widget-container\">\n\t\t\t\t\t\t\t\t\t<p>Based on the finds in the mound &#8220;Rundeh\u00e5gjen&#8221;, this grave is dated to the last half of the ninth century. At this time it was King Audbj\u00f8rn who was king of the Fjords. According to Snorre Sturlason, King Audbj\u00f8rn died in a battle at sea just off the coast of Nordm\u00f8re by the island of Solskjel. The battle of Solskjel was one of the biggest battles in Harald Fairhair struggle to unite Norway into one kingdom. Here Fairhair fought with his army against several kings from Sunnm\u00f8re with whom King Audbj\u00f8rn had joined forces. This was the only way they had a chance to defend their land and win against Fairhair\u2019s big army. It was a hard battle with big losses on both sides, but in the end the kings had to give up for Harald Fairhair\u2019s forces.<\/p>\n<p>&nbsp;<\/p>\n<p>King Harald then took power in Sunnm\u00f8re (north of Audbj\u00f8rns kingdom) and put Ragnvald M\u00f8rejarl in control of the area, while in Fjordane Audbj\u00f8rn&#8217;s brother, Vemund, took over power. But Ragnvald M\u00f8rejarl had scouts looking for Vemund, and the same winter he went to Naustdal where he set fire to the house where Vemund was staying for the night. Vemund died in the fire together with 90 of his men. In the spring that followed, Fairhair sailed to Nordfjord and conquered the Fjords.<\/p>\n<p>The saga together with the finds in the grave point to the fact that it is King Audbj\u00f8rn who is buried in Rundehogjen. It is also possible that the grave belonged to Vemund, but it is most likely that it was Audbj\u00f8rn who died in battle who was buried with his ship in the cremation grave. The theory is further supported by the bone analysis performed by Dr. Holck at the Department of Anatomy in Oslo in 1983. The analysis showed that the bones found in the bronze cauldron in the center of the burial mound, showed traces of cuts or lacerations which could indicate death as a result of combat injuries. The bones came from a well-built male person of between 30-35 years, and the age of the person alone also points away from a natural death.<\/p>\n<h2>The journey to Valhalla<\/h2>\n<p>In the Ynglinge-saga from Snorre&#8217;s book of the Norse Kings, it is described how Odin legislated a cremation as the road to Valhalla. &#8220;Odin gave laws in the land, the same as before applied to the Aesir, he made, among other things, law that all the dead should be burned, and what they owned, carried on the fire with them. He said that every man should come to Valhalla with such wealth as he had brought with him on the fire; what he had dug into the ground himself, he should also own. The ash was to be carried out to sea or buried in the ground. In remembrance of great men, people were to make a mound, and after all such men as there had been manly courage in, they were to erect monuments; this custom lasted for a long time. &#8221; The next section also describes Odin&#8217;s own death. &#8220;Odin died of illness in Svitjod, but when death was near, he asked to die by spear death, and said that all men who died in arms should belong to him; he said he would go to the home of the Gods and receive his friends there. Now the Swedes thought he had come to old \u00c5sgard and would live there forever. Then they returned to Odin with faith and prayer. The Swedes often thought he showed up for them before big battles, some he gave victory, others he invited home, they thought they were good conditions, both. Odin was burned when he died, the burning was great and stately. It was a belief they had that the higher the smoke rose in the air, the higher place he got in heaven, the one who was burned, and he became so much richer if it burned much with him. &#8221; The cremation grave at Myklebust has great similarities with the burial customs depicted by Odin and about Odin&#8217;s death, and it would be reasonable to think that the burial ritual performed for King Audbj\u00f8rn was intended to ensure him a magnificent journey to Odin&#8217;s table in Valhalla. The custom of burning the ship during the burial was typical of Western Norway in the 8th and 9th centuries, and the grave at Myklebust is both the last and the largest cremation grave we know from the Viking Age. As Christianity was introduced, cremation graves were forbidden and was seen as a pagan custom.<\/p>\n\t\t\t\t\t\t\t\t<\/div>\n\t\t\t\t<\/div>\n\t\t\t\t\t<\/div>\n\t\t<\/div>\n\t\t\t\t\t<\/div>\n\t\t<\/section>\n\t\t\t\t<\/div>\n\t\t","protected":false},"excerpt":{"rendered":"<p>Kj\u00f8p billett The size, location and contents of the burial mound at Myklebust, testify that the grave must have belonged to a king or a chieftain. The fjord county with Nordfjordeid as the chieftain&#8217;s seat was a very important district in the Viking Age, and several rich discoveries have been made from this time in [&hellip;]<\/p>\n","protected":false},"author":2,"featured_media":0,"parent":3921,"menu_order":0,"comment_status":"closed","ping_status":"closed","template":"","meta":{"iawp_total_views":776,"footnotes":""},"class_list":["post-3849","page","type-page","status-publish","hentry"],"yoast_head":"<!-- This site is optimized with the Yoast SEO plugin v27.2 - https:\/\/yoast.com\/product\/yoast-seo-wordpress\/ -->\n<title>King of the Fjord - Sagastad<\/title>\n<meta name=\"robots\" content=\"index, follow, max-snippet:-1, max-image-preview:large, max-video-preview:-1\" \/>\n<link rel=\"canonical\" href=\"https:\/\/sagastad.no\/en\/the-history\/king-of-the-fjord\/\" \/>\n<meta property=\"og:locale\" content=\"en_US\" \/>\n<meta property=\"og:type\" content=\"article\" \/>\n<meta property=\"og:title\" content=\"King of the Fjord - Sagastad\" \/>\n<meta property=\"og:description\" content=\"Kj\u00f8p billett The size, location and contents of the burial mound at Myklebust, testify that the grave must have belonged to a king or a chieftain. The fjord county with Nordfjordeid as the chieftain&#8217;s seat was a very important district in the Viking Age, and several rich discoveries have been made from this time in [&hellip;]\" \/>\n<meta property=\"og:url\" content=\"https:\/\/sagastad.no\/en\/the-history\/king-of-the-fjord\/\" \/>\n<meta property=\"og:site_name\" content=\"Sagastad\" \/>\n<meta property=\"article:modified_time\" content=\"2022-03-30T13:43:21+00:00\" \/>\n<meta property=\"og:image\" content=\"http:\/\/sagastad.no\/wp-content\/uploads\/2021\/05\/02-Kongen-av-Fjordane-1-Francisco-Munoz.jpg\" \/>\n<meta name=\"twitter:card\" content=\"summary_large_image\" \/>\n<meta name=\"twitter:label1\" content=\"Est. reading time\" \/>\n\t<meta name=\"twitter:data1\" content=\"4 minutes\" \/>\n<script type=\"application\/ld+json\" class=\"yoast-schema-graph\">{\"@context\":\"https:\/\/schema.org\",\"@graph\":[{\"@type\":\"WebPage\",\"@id\":\"https:\/\/sagastad.no\/en\/the-history\/king-of-the-fjord\/\",\"url\":\"https:\/\/sagastad.no\/en\/the-history\/king-of-the-fjord\/\",\"name\":\"King of the Fjord - Sagastad\",\"isPartOf\":{\"@id\":\"https:\/\/sagastad.no\/en\/#website\"},\"primaryImageOfPage\":{\"@id\":\"https:\/\/sagastad.no\/en\/the-history\/king-of-the-fjord\/#primaryimage\"},\"image\":{\"@id\":\"https:\/\/sagastad.no\/en\/the-history\/king-of-the-fjord\/#primaryimage\"},\"thumbnailUrl\":\"http:\/\/sagastad.no\/wp-content\/uploads\/2021\/05\/02-Kongen-av-Fjordane-1-Francisco-Munoz.jpg\",\"datePublished\":\"2021-05-02T16:54:29+00:00\",\"dateModified\":\"2022-03-30T13:43:21+00:00\",\"breadcrumb\":{\"@id\":\"https:\/\/sagastad.no\/en\/the-history\/king-of-the-fjord\/#breadcrumb\"},\"inLanguage\":\"en-US\",\"potentialAction\":[{\"@type\":\"ReadAction\",\"target\":[\"https:\/\/sagastad.no\/en\/the-history\/king-of-the-fjord\/\"]}]},{\"@type\":\"ImageObject\",\"inLanguage\":\"en-US\",\"@id\":\"https:\/\/sagastad.no\/en\/the-history\/king-of-the-fjord\/#primaryimage\",\"url\":\"http:\/\/sagastad.no\/wp-content\/uploads\/2021\/05\/02-Kongen-av-Fjordane-1-Francisco-Munoz.jpg\",\"contentUrl\":\"http:\/\/sagastad.no\/wp-content\/uploads\/2021\/05\/02-Kongen-av-Fjordane-1-Francisco-Munoz.jpg\"},{\"@type\":\"BreadcrumbList\",\"@id\":\"https:\/\/sagastad.no\/en\/the-history\/king-of-the-fjord\/#breadcrumb\",\"itemListElement\":[{\"@type\":\"ListItem\",\"position\":1,\"name\":\"Hjem\",\"item\":\"https:\/\/sagastad.no\/en\/\"},{\"@type\":\"ListItem\",\"position\":2,\"name\":\"The History\",\"item\":\"https:\/\/sagastad.no\/en\/the-history\/\"},{\"@type\":\"ListItem\",\"position\":3,\"name\":\"King of the Fjord\"}]},{\"@type\":\"WebSite\",\"@id\":\"https:\/\/sagastad.no\/en\/#website\",\"url\":\"https:\/\/sagastad.no\/en\/\",\"name\":\"Sagastad\",\"description\":\"Explore the Viking Saga\",\"publisher\":{\"@id\":\"https:\/\/sagastad.no\/en\/#organization\"},\"potentialAction\":[{\"@type\":\"SearchAction\",\"target\":{\"@type\":\"EntryPoint\",\"urlTemplate\":\"https:\/\/sagastad.no\/en\/?s={search_term_string}\"},\"query-input\":{\"@type\":\"PropertyValueSpecification\",\"valueRequired\":true,\"valueName\":\"search_term_string\"}}],\"inLanguage\":\"en-US\"},{\"@type\":\"Organization\",\"@id\":\"https:\/\/sagastad.no\/en\/#organization\",\"name\":\"Sagastad\",\"url\":\"https:\/\/sagastad.no\/en\/\",\"logo\":{\"@type\":\"ImageObject\",\"inLanguage\":\"en-US\",\"@id\":\"https:\/\/sagastad.no\/en\/#\/schema\/logo\/image\/\",\"url\":\"https:\/\/sagastad.no\/wp-content\/uploads\/2018\/10\/SAGASTAD_LOGO.svg\",\"contentUrl\":\"https:\/\/sagastad.no\/wp-content\/uploads\/2018\/10\/SAGASTAD_LOGO.svg\",\"caption\":\"Sagastad\"},\"image\":{\"@id\":\"https:\/\/sagastad.no\/en\/#\/schema\/logo\/image\/\"}}]}<\/script>\n<!-- \/ Yoast SEO plugin. -->","yoast_head_json":{"title":"King of the Fjord - Sagastad","robots":{"index":"index","follow":"follow","max-snippet":"max-snippet:-1","max-image-preview":"max-image-preview:large","max-video-preview":"max-video-preview:-1"},"canonical":"https:\/\/sagastad.no\/en\/the-history\/king-of-the-fjord\/","og_locale":"en_US","og_type":"article","og_title":"King of the Fjord - Sagastad","og_description":"Kj\u00f8p billett The size, location and contents of the burial mound at Myklebust, testify that the grave must have belonged to a king or a chieftain. The fjord county with Nordfjordeid as the chieftain&#8217;s seat was a very important district in the Viking Age, and several rich discoveries have been made from this time in [&hellip;]","og_url":"https:\/\/sagastad.no\/en\/the-history\/king-of-the-fjord\/","og_site_name":"Sagastad","article_modified_time":"2022-03-30T13:43:21+00:00","og_image":[{"url":"http:\/\/sagastad.no\/wp-content\/uploads\/2021\/05\/02-Kongen-av-Fjordane-1-Francisco-Munoz.jpg","type":"","width":"","height":""}],"twitter_card":"summary_large_image","twitter_misc":{"Est. reading time":"4 minutes"},"schema":{"@context":"https:\/\/schema.org","@graph":[{"@type":"WebPage","@id":"https:\/\/sagastad.no\/en\/the-history\/king-of-the-fjord\/","url":"https:\/\/sagastad.no\/en\/the-history\/king-of-the-fjord\/","name":"King of the Fjord - Sagastad","isPartOf":{"@id":"https:\/\/sagastad.no\/en\/#website"},"primaryImageOfPage":{"@id":"https:\/\/sagastad.no\/en\/the-history\/king-of-the-fjord\/#primaryimage"},"image":{"@id":"https:\/\/sagastad.no\/en\/the-history\/king-of-the-fjord\/#primaryimage"},"thumbnailUrl":"http:\/\/sagastad.no\/wp-content\/uploads\/2021\/05\/02-Kongen-av-Fjordane-1-Francisco-Munoz.jpg","datePublished":"2021-05-02T16:54:29+00:00","dateModified":"2022-03-30T13:43:21+00:00","breadcrumb":{"@id":"https:\/\/sagastad.no\/en\/the-history\/king-of-the-fjord\/#breadcrumb"},"inLanguage":"en-US","potentialAction":[{"@type":"ReadAction","target":["https:\/\/sagastad.no\/en\/the-history\/king-of-the-fjord\/"]}]},{"@type":"ImageObject","inLanguage":"en-US","@id":"https:\/\/sagastad.no\/en\/the-history\/king-of-the-fjord\/#primaryimage","url":"http:\/\/sagastad.no\/wp-content\/uploads\/2021\/05\/02-Kongen-av-Fjordane-1-Francisco-Munoz.jpg","contentUrl":"http:\/\/sagastad.no\/wp-content\/uploads\/2021\/05\/02-Kongen-av-Fjordane-1-Francisco-Munoz.jpg"},{"@type":"BreadcrumbList","@id":"https:\/\/sagastad.no\/en\/the-history\/king-of-the-fjord\/#breadcrumb","itemListElement":[{"@type":"ListItem","position":1,"name":"Hjem","item":"https:\/\/sagastad.no\/en\/"},{"@type":"ListItem","position":2,"name":"The History","item":"https:\/\/sagastad.no\/en\/the-history\/"},{"@type":"ListItem","position":3,"name":"King of the Fjord"}]},{"@type":"WebSite","@id":"https:\/\/sagastad.no\/en\/#website","url":"https:\/\/sagastad.no\/en\/","name":"Sagastad","description":"Explore the Viking Saga","publisher":{"@id":"https:\/\/sagastad.no\/en\/#organization"},"potentialAction":[{"@type":"SearchAction","target":{"@type":"EntryPoint","urlTemplate":"https:\/\/sagastad.no\/en\/?s={search_term_string}"},"query-input":{"@type":"PropertyValueSpecification","valueRequired":true,"valueName":"search_term_string"}}],"inLanguage":"en-US"},{"@type":"Organization","@id":"https:\/\/sagastad.no\/en\/#organization","name":"Sagastad","url":"https:\/\/sagastad.no\/en\/","logo":{"@type":"ImageObject","inLanguage":"en-US","@id":"https:\/\/sagastad.no\/en\/#\/schema\/logo\/image\/","url":"https:\/\/sagastad.no\/wp-content\/uploads\/2018\/10\/SAGASTAD_LOGO.svg","contentUrl":"https:\/\/sagastad.no\/wp-content\/uploads\/2018\/10\/SAGASTAD_LOGO.svg","caption":"Sagastad"},"image":{"@id":"https:\/\/sagastad.no\/en\/#\/schema\/logo\/image\/"}}]}},"_links":{"self":[{"href":"https:\/\/sagastad.no\/en\/wp-json\/wp\/v2\/pages\/3849","targetHints":{"allow":["GET"]}}],"collection":[{"href":"https:\/\/sagastad.no\/en\/wp-json\/wp\/v2\/pages"}],"about":[{"href":"https:\/\/sagastad.no\/en\/wp-json\/wp\/v2\/types\/page"}],"author":[{"embeddable":true,"href":"https:\/\/sagastad.no\/en\/wp-json\/wp\/v2\/users\/2"}],"replies":[{"embeddable":true,"href":"https:\/\/sagastad.no\/en\/wp-json\/wp\/v2\/comments?post=3849"}],"version-history":[{"count":0,"href":"https:\/\/sagastad.no\/en\/wp-json\/wp\/v2\/pages\/3849\/revisions"}],"up":[{"embeddable":true,"href":"https:\/\/sagastad.no\/en\/wp-json\/wp\/v2\/pages\/3921"}],"wp:attachment":[{"href":"https:\/\/sagastad.no\/en\/wp-json\/wp\/v2\/media?parent=3849"}],"curies":[{"name":"wp","href":"https:\/\/api.w.org\/{rel}","templated":true}]}}