{"id":4026,"date":"2021-05-02T19:09:30","date_gmt":"2021-05-02T17:09:30","guid":{"rendered":"http:\/\/sagastad.no\/menu\/unterstuetze-uns\/"},"modified":"2022-04-01T10:45:30","modified_gmt":"2022-04-01T08:45:30","slug":"unterstuetze-uns","status":"publish","type":"page","link":"https:\/\/sagastad.no\/de\/menu\/unterstuetze-uns\/","title":{"rendered":"Unterst\u00fctze uns"},"content":{"rendered":"\t\t<div data-elementor-type=\"wp-page\" data-elementor-id=\"4026\" class=\"elementor elementor-4026 elementor-2267\" data-elementor-post-type=\"page\">\n\t\t\t\t\t\t<section class=\"elementor-section elementor-top-section elementor-element elementor-element-66167e5a elementor-section-boxed elementor-section-height-default elementor-section-height-default\" data-id=\"66167e5a\" data-element_type=\"section\" data-e-type=\"section\">\n\t\t\t\t\t\t<div class=\"elementor-container elementor-column-gap-default\">\n\t\t\t\t\t<div class=\"elementor-column elementor-col-33 elementor-top-column elementor-element elementor-element-13c6925 elementor-hidden-phone\" data-id=\"13c6925\" data-element_type=\"column\" data-e-type=\"column\">\n\t\t\t<div class=\"elementor-widget-wrap elementor-element-populated\">\n\t\t\t\t\t\t<div class=\"elementor-element elementor-element-1799d8c elementor-widget elementor-widget-global elementor-global-4861 elementor-global-2875 elementor-widget-button\" data-id=\"1799d8c\" data-element_type=\"widget\" data-e-type=\"widget\" data-widget_type=\"button.default\">\n\t\t\t\t<div class=\"elementor-widget-container\">\n\t\t\t\t\t\t\t\t\t<div class=\"elementor-button-wrapper\">\n\t\t\t\t\t<a class=\"elementor-button elementor-button-link elementor-size-xs\" href=\"https:\/\/booking.sagastad.no\/en\/todo\" target=\"_blank\">\n\t\t\t\t\t\t<span class=\"elementor-button-content-wrapper\">\n\t\t\t\t\t\t\t\t\t<span class=\"elementor-button-text\">Ticket kaufen<\/span>\n\t\t\t\t\t<\/span>\n\t\t\t\t\t<\/a>\n\t\t\t\t<\/div>\n\t\t\t\t\t\t\t\t<\/div>\n\t\t\t\t<\/div>\n\t\t\t\t<div class=\"elementor-element elementor-element-e8721a5 elementor-nav-menu__align-start elementor-nav-menu--dropdown-none elementor-widget elementor-widget-nav-menu\" data-id=\"e8721a5\" data-element_type=\"widget\" data-e-type=\"widget\" data-settings=\"{&quot;layout&quot;:&quot;vertical&quot;,&quot;submenu_icon&quot;:{&quot;value&quot;:&quot;&lt;i class=\\&quot;fas fa-chevron-down\\&quot; aria-hidden=\\&quot;true\\&quot;&gt;&lt;\\\/i&gt;&quot;,&quot;library&quot;:&quot;fa-solid&quot;}}\" data-widget_type=\"nav-menu.default\">\n\t\t\t\t<div class=\"elementor-widget-container\">\n\t\t\t\t\t\t\t\t<nav aria-label=\"Men\u00fc\" class=\"elementor-nav-menu--main elementor-nav-menu__container elementor-nav-menu--layout-vertical e--pointer-none\">\n\t\t\t\t<ul id=\"menu-1-e8721a5\" class=\"elementor-nav-menu sm-vertical\"><li class=\"menu-item menu-item-type-post_type menu-item-object-page menu-item-4185\"><a href=\"https:\/\/sagastad.no\/de\/menu\/ueber-sagastad\/\" class=\"elementor-item\">\u00dcber Sagastad<\/a><\/li>\n<li class=\"menu-item menu-item-type-post_type menu-item-object-page menu-item-4186\"><a href=\"https:\/\/sagastad.no\/de\/menu\/finden-sie-uns\/\" class=\"elementor-item\">Finden sie uns<\/a><\/li>\n<li class=\"menu-item menu-item-type-post_type menu-item-object-page menu-item-4187\"><a href=\"https:\/\/sagastad.no\/de\/menu\/oeffnungszeiten-und-preise\/\" class=\"elementor-item\">\u00d6ffnungszeiten und preise<\/a><\/li>\n<li class=\"menu-item menu-item-type-post_type menu-item-object-page menu-item-4188\"><a href=\"https:\/\/sagastad.no\/de\/menu\/in-der-umgebung\/\" class=\"elementor-item\">In der Umgebung<\/a><\/li>\n<li class=\"menu-item menu-item-type-post_type menu-item-object-page menu-item-4189\"><a href=\"https:\/\/sagastad.no\/de\/menu\/vor-dem-besuch\/\" class=\"elementor-item\">Vor dem Besuch<\/a><\/li>\n<li class=\"menu-item menu-item-type-post_type menu-item-object-page menu-item-4190\"><a href=\"https:\/\/sagastad.no\/de\/menu\/kontakt\/\" class=\"elementor-item\">Kontakt<\/a><\/li>\n<li class=\"menu-item menu-item-type-post_type menu-item-object-page menu-item-4191\"><a href=\"https:\/\/sagastad.no\/de\/menu\/unterstuetze-uns\/\" class=\"elementor-item\">Unterst\u00fctze uns<\/a><\/li>\n<li class=\"menu-item menu-item-type-post_type menu-item-object-page menu-item-4192\"><a href=\"https:\/\/sagastad.no\/de\/menu\/firmenbesuche\/\" class=\"elementor-item\">Firmenbesuche<\/a><\/li>\n<li class=\"menu-item menu-item-type-post_type menu-item-object-page menu-item-4193\"><a href=\"https:\/\/sagastad.no\/de\/menu\/nachhaltigkeit\/\" class=\"elementor-item\">Nachhaltigkeit<\/a><\/li>\n<\/ul>\t\t\t<\/nav>\n\t\t\t\t\t\t<nav class=\"elementor-nav-menu--dropdown elementor-nav-menu__container\" aria-hidden=\"true\">\n\t\t\t\t<ul id=\"menu-2-e8721a5\" class=\"elementor-nav-menu sm-vertical\"><li class=\"menu-item menu-item-type-post_type menu-item-object-page menu-item-4185\"><a href=\"https:\/\/sagastad.no\/de\/menu\/ueber-sagastad\/\" class=\"elementor-item\" tabindex=\"-1\">\u00dcber Sagastad<\/a><\/li>\n<li class=\"menu-item menu-item-type-post_type menu-item-object-page menu-item-4186\"><a href=\"https:\/\/sagastad.no\/de\/menu\/finden-sie-uns\/\" class=\"elementor-item\" tabindex=\"-1\">Finden sie uns<\/a><\/li>\n<li class=\"menu-item menu-item-type-post_type menu-item-object-page menu-item-4187\"><a href=\"https:\/\/sagastad.no\/de\/menu\/oeffnungszeiten-und-preise\/\" class=\"elementor-item\" tabindex=\"-1\">\u00d6ffnungszeiten und preise<\/a><\/li>\n<li class=\"menu-item menu-item-type-post_type menu-item-object-page menu-item-4188\"><a href=\"https:\/\/sagastad.no\/de\/menu\/in-der-umgebung\/\" class=\"elementor-item\" tabindex=\"-1\">In der Umgebung<\/a><\/li>\n<li class=\"menu-item menu-item-type-post_type menu-item-object-page menu-item-4189\"><a href=\"https:\/\/sagastad.no\/de\/menu\/vor-dem-besuch\/\" class=\"elementor-item\" tabindex=\"-1\">Vor dem Besuch<\/a><\/li>\n<li class=\"menu-item menu-item-type-post_type menu-item-object-page menu-item-4190\"><a href=\"https:\/\/sagastad.no\/de\/menu\/kontakt\/\" class=\"elementor-item\" tabindex=\"-1\">Kontakt<\/a><\/li>\n<li class=\"menu-item menu-item-type-post_type menu-item-object-page menu-item-4191\"><a href=\"https:\/\/sagastad.no\/de\/menu\/unterstuetze-uns\/\" class=\"elementor-item\" tabindex=\"-1\">Unterst\u00fctze uns<\/a><\/li>\n<li class=\"menu-item menu-item-type-post_type menu-item-object-page menu-item-4192\"><a href=\"https:\/\/sagastad.no\/de\/menu\/firmenbesuche\/\" class=\"elementor-item\" tabindex=\"-1\">Firmenbesuche<\/a><\/li>\n<li class=\"menu-item menu-item-type-post_type menu-item-object-page menu-item-4193\"><a href=\"https:\/\/sagastad.no\/de\/menu\/nachhaltigkeit\/\" class=\"elementor-item\" tabindex=\"-1\">Nachhaltigkeit<\/a><\/li>\n<\/ul>\t\t\t<\/nav>\n\t\t\t\t\t\t<\/div>\n\t\t\t\t<\/div>\n\t\t\t\t\t<\/div>\n\t\t<\/div>\n\t\t\t\t<div class=\"elementor-column elementor-col-66 elementor-top-column elementor-element elementor-element-1abff7d5\" data-id=\"1abff7d5\" data-element_type=\"column\" data-e-type=\"column\">\n\t\t\t<div class=\"elementor-widget-wrap elementor-element-populated\">\n\t\t\t\t\t\t<div class=\"elementor-element elementor-element-60607688 elementor-widget elementor-widget-text-editor\" data-id=\"60607688\" data-element_type=\"widget\" data-e-type=\"widget\" data-widget_type=\"text-editor.default\">\n\t\t\t\t<div class=\"elementor-widget-container\">\n\t\t\t\t\t\t\t\t\t<p>Die Stiftung Sagastad ist f\u00fcr die Verbreitung der Myklebust-Schiffs- und Wikingergeschichte auf Nordfjordeid verantwortlich. Die Stiftung hat Ambitionen, Projekte durchzuf\u00fchren, die neues Wissen untersuchen und bereitstellen, lang erwartete Literatur zu den Ergebnissen produzieren und auf andere Weise Wissen verbreiten k\u00f6nnen.<\/p>\n\t\t\t\t\t\t\t\t<\/div>\n\t\t\t\t<\/div>\n\t\t\t\t<div class=\"elementor-element elementor-element-de698ec elementor-widget elementor-widget-image\" data-id=\"de698ec\" data-element_type=\"widget\" data-e-type=\"widget\" data-widget_type=\"image.default\">\n\t\t\t\t<div class=\"elementor-widget-container\">\n\t\t\t\t\t\t\t\t\t\t\t\t<figure class=\"wp-caption\">\n\t\t\t\t\t\t\t\t\t\t<img fetchpriority=\"high\" decoding=\"async\" width=\"965\" height=\"666\" src=\"https:\/\/sagastad.no\/wp-content\/uploads\/2021\/05\/25-stott-oss-Ulf-R-A-965x666.jpg\" class=\"attachment-large size-large wp-image-3934\" alt=\"Sagavertar\" srcset=\"https:\/\/sagastad.no\/wp-content\/uploads\/2021\/05\/25-stott-oss-Ulf-R-A-965x666.jpg 965w, https:\/\/sagastad.no\/wp-content\/uploads\/2021\/05\/25-stott-oss-Ulf-R-A-579x400.jpg 579w, https:\/\/sagastad.no\/wp-content\/uploads\/2021\/05\/25-stott-oss-Ulf-R-A-768x530.jpg 768w, https:\/\/sagastad.no\/wp-content\/uploads\/2021\/05\/25-stott-oss-Ulf-R-A.jpg 1250w\" sizes=\"(max-width: 965px) 100vw, 965px\" \/>\t\t\t\t\t\t\t\t\t\t\t<figcaption class=\"widget-image-caption wp-caption-text\">Foto: Ulf Rugumayo Amundsen<\/figcaption>\n\t\t\t\t\t\t\t\t\t\t<\/figure>\n\t\t\t\t\t\t\t\t\t<\/div>\n\t\t\t\t<\/div>\n\t\t\t\t<div class=\"elementor-element elementor-element-29b24554 elementor-widget__width-inherit elementor-widget-tablet__width-inherit elementor-widget elementor-widget-text-editor\" data-id=\"29b24554\" data-element_type=\"widget\" data-e-type=\"widget\" data-widget_type=\"text-editor.default\">\n\t\t\t\t<div class=\"elementor-widget-container\">\n\t\t\t\t\t\t\t\t\t<p>Sie k\u00f6nnen uns mit einem Betrag unterst\u00fctzen, der dem Wert einer Naht, eines Nagels, eines Ruders, eines Schildes oder eines Sarges auf dem Myklebust-Schiff entspricht. Dann erhalten Sie einen Unterst\u00fctzungsnachweis, der zeigt, dass Sie Sagastad mit der von Ihnen gew\u00e4hlten Ausr\u00fcstung unterst\u00fctzt haben. Schilde, Truhen und Adern sind nummeriert, damit Sie eine Nummer ausw\u00e4hlen k\u00f6nnen, die Ihnen etwas bedeutet, und mit Ihren Initialen oder Namen gekennzeichnet werden. Das passt auch perfekt als einzigartiges Geschenk!<\/p>\n<p>Kontaktieren Sie uns, um Sie zu unterst\u00fctzen.<\/p>\n<p>&nbsp;<\/p>\n<p>Schild \u00a0\u00a0\u00a0\u00a0\u00a0\u00a0\u00a0\u00a0\u00a0\u00a0\u00a0\u00a0\u00a0 NOK 10,000<\/p>\n<p>Brust \u00a0\u00a0\u00a0\u00a0\u00a0\u00a0\u00a0\u00a0\u00a0\u00a0\u00a0\u00a0\u00a0\u00a0 NOK 10,000<\/p>\n<p>Sind \u00a0\u00a0\u00a0\u00a0\u00a0\u00a0\u00a0\u00a0\u00a0\u00a0\u00a0\u00a0\u00a0\u00a0\u00a0 NOK 5,000<\/p>\n<p>N\u00e4gel \u00a0\u00a0\u00a0\u00a0\u00a0\u00a0\u00a0\u00a0\u00a0\u00a0\u00a0\u00a0\u00a0 NOK 1,000<\/p>\n<p>Naht\u00a0\u00a0\u00a0\u00a0\u00a0\u00a0\u00a0\u00a0\u00a0\u00a0\u00a0\u00a0\u00a0\u00a0\u00a0 NOK 300<\/p>\n<p>&nbsp;<\/p>\n<p>Sie k\u00f6nnen die Arbeit der Stiftung auch unterst\u00fctzen, indem Sie sich freiwillig in Sagastad melden, um mit Freiwilligenstunden beizutragen. Senden Sie uns eine <a href=\"post@sagastad.no\">E- Mail<\/a> mit Ihrem Namen und Ihrer Telefonnummer, um Sie auf die Liste zu setzen.<\/p>\n<p>&nbsp;<\/p>\n<p>Sagastad dankt allen, die uns bereits mit ihrer Zeit, ihrem Wissen und ihren Gaben unterst\u00fctzt haben! Sie waren ein unsch\u00e4tzbarer Teil der Realisierung von Sagastads Projekt.<\/p>\n\t\t\t\t\t\t\t\t<\/div>\n\t\t\t\t<\/div>\n\t\t\t\t\t<\/div>\n\t\t<\/div>\n\t\t\t\t\t<\/div>\n\t\t<\/section>\n\t\t\t\t<\/div>\n\t\t","protected":false},"excerpt":{"rendered":"<p>Kj\u00f8p billett Die Stiftung Sagastad ist f\u00fcr die Verbreitung der Myklebust-Schiffs- und Wikingergeschichte auf Nordfjordeid verantwortlich. Die Stiftung hat Ambitionen, Projekte durchzuf\u00fchren, die neues Wissen untersuchen und bereitstellen, lang erwartete Literatur zu den Ergebnissen produzieren und auf andere Weise Wissen verbreiten k\u00f6nnen. Foto: Ulf Rugumayo Amundsen Sie k\u00f6nnen uns mit einem Betrag unterst\u00fctzen, der dem [&hellip;]<\/p>\n","protected":false},"author":2,"featured_media":0,"parent":3972,"menu_order":0,"comment_status":"closed","ping_status":"closed","template":"","meta":{"iawp_total_views":60,"footnotes":""},"class_list":["post-4026","page","type-page","status-publish","hentry"],"yoast_head":"<!-- This site is optimized with the Yoast SEO plugin v27.3 - https:\/\/yoast.com\/product\/yoast-seo-wordpress\/ -->\n<title>Unterst\u00fctze uns - Sagastad<\/title>\n<meta name=\"robots\" content=\"index, follow, max-snippet:-1, max-image-preview:large, max-video-preview:-1\" \/>\n<link rel=\"canonical\" href=\"https:\/\/sagastad.no\/de\/menu\/unterstuetze-uns\/\" \/>\n<meta property=\"og:locale\" content=\"de_DE\" \/>\n<meta property=\"og:type\" content=\"article\" \/>\n<meta property=\"og:title\" content=\"Unterst\u00fctze uns - Sagastad\" \/>\n<meta property=\"og:description\" content=\"Kj\u00f8p billett Die Stiftung Sagastad ist f\u00fcr die Verbreitung der Myklebust-Schiffs- und Wikingergeschichte auf Nordfjordeid verantwortlich. Die Stiftung hat Ambitionen, Projekte durchzuf\u00fchren, die neues Wissen untersuchen und bereitstellen, lang erwartete Literatur zu den Ergebnissen produzieren und auf andere Weise Wissen verbreiten k\u00f6nnen. Foto: Ulf Rugumayo Amundsen Sie k\u00f6nnen uns mit einem Betrag unterst\u00fctzen, der dem [&hellip;]\" \/>\n<meta property=\"og:url\" content=\"https:\/\/sagastad.no\/de\/menu\/unterstuetze-uns\/\" \/>\n<meta property=\"og:site_name\" content=\"Sagastad\" \/>\n<meta property=\"article:modified_time\" content=\"2022-04-01T08:45:30+00:00\" \/>\n<meta property=\"og:image\" content=\"http:\/\/sagastad.no\/wp-content\/uploads\/2021\/05\/25-stott-oss-Ulf-R-A-965x666.jpg\" \/>\n<meta name=\"twitter:card\" content=\"summary_large_image\" \/>\n<meta name=\"twitter:label1\" content=\"Gesch\u00e4tzte Lesezeit\" \/>\n\t<meta name=\"twitter:data1\" content=\"1 Minute\" \/>\n<script type=\"application\/ld+json\" class=\"yoast-schema-graph\">{\"@context\":\"https:\\\/\\\/schema.org\",\"@graph\":[{\"@type\":\"WebPage\",\"@id\":\"https:\\\/\\\/sagastad.no\\\/de\\\/menu\\\/unterstuetze-uns\\\/\",\"url\":\"https:\\\/\\\/sagastad.no\\\/de\\\/menu\\\/unterstuetze-uns\\\/\",\"name\":\"Unterst\u00fctze uns - Sagastad\",\"isPartOf\":{\"@id\":\"https:\\\/\\\/sagastad.no\\\/de\\\/#website\"},\"primaryImageOfPage\":{\"@id\":\"https:\\\/\\\/sagastad.no\\\/de\\\/menu\\\/unterstuetze-uns\\\/#primaryimage\"},\"image\":{\"@id\":\"https:\\\/\\\/sagastad.no\\\/de\\\/menu\\\/unterstuetze-uns\\\/#primaryimage\"},\"thumbnailUrl\":\"http:\\\/\\\/sagastad.no\\\/wp-content\\\/uploads\\\/2021\\\/05\\\/25-stott-oss-Ulf-R-A-965x666.jpg\",\"datePublished\":\"2021-05-02T17:09:30+00:00\",\"dateModified\":\"2022-04-01T08:45:30+00:00\",\"breadcrumb\":{\"@id\":\"https:\\\/\\\/sagastad.no\\\/de\\\/menu\\\/unterstuetze-uns\\\/#breadcrumb\"},\"inLanguage\":\"de-DE\",\"potentialAction\":[{\"@type\":\"ReadAction\",\"target\":[\"https:\\\/\\\/sagastad.no\\\/de\\\/menu\\\/unterstuetze-uns\\\/\"]}]},{\"@type\":\"ImageObject\",\"inLanguage\":\"de-DE\",\"@id\":\"https:\\\/\\\/sagastad.no\\\/de\\\/menu\\\/unterstuetze-uns\\\/#primaryimage\",\"url\":\"http:\\\/\\\/sagastad.no\\\/wp-content\\\/uploads\\\/2021\\\/05\\\/25-stott-oss-Ulf-R-A-965x666.jpg\",\"contentUrl\":\"http:\\\/\\\/sagastad.no\\\/wp-content\\\/uploads\\\/2021\\\/05\\\/25-stott-oss-Ulf-R-A-965x666.jpg\"},{\"@type\":\"BreadcrumbList\",\"@id\":\"https:\\\/\\\/sagastad.no\\\/de\\\/menu\\\/unterstuetze-uns\\\/#breadcrumb\",\"itemListElement\":[{\"@type\":\"ListItem\",\"position\":1,\"name\":\"Hjem\",\"item\":\"https:\\\/\\\/sagastad.no\\\/de\\\/\"},{\"@type\":\"ListItem\",\"position\":2,\"name\":\"Menu\",\"item\":\"https:\\\/\\\/sagastad.no\\\/de\\\/menu\\\/\"},{\"@type\":\"ListItem\",\"position\":3,\"name\":\"Unterst\u00fctze uns\"}]},{\"@type\":\"WebSite\",\"@id\":\"https:\\\/\\\/sagastad.no\\\/de\\\/#website\",\"url\":\"https:\\\/\\\/sagastad.no\\\/de\\\/\",\"name\":\"Sagastad\",\"description\":\"Explore the Viking Saga\",\"publisher\":{\"@id\":\"https:\\\/\\\/sagastad.no\\\/de\\\/#organization\"},\"potentialAction\":[{\"@type\":\"SearchAction\",\"target\":{\"@type\":\"EntryPoint\",\"urlTemplate\":\"https:\\\/\\\/sagastad.no\\\/de\\\/?s={search_term_string}\"},\"query-input\":{\"@type\":\"PropertyValueSpecification\",\"valueRequired\":true,\"valueName\":\"search_term_string\"}}],\"inLanguage\":\"de-DE\"},{\"@type\":\"Organization\",\"@id\":\"https:\\\/\\\/sagastad.no\\\/de\\\/#organization\",\"name\":\"Sagastad\",\"url\":\"https:\\\/\\\/sagastad.no\\\/de\\\/\",\"logo\":{\"@type\":\"ImageObject\",\"inLanguage\":\"de-DE\",\"@id\":\"https:\\\/\\\/sagastad.no\\\/de\\\/#\\\/schema\\\/logo\\\/image\\\/\",\"url\":\"https:\\\/\\\/sagastad.no\\\/wp-content\\\/uploads\\\/2018\\\/10\\\/SAGASTAD_LOGO.svg\",\"contentUrl\":\"https:\\\/\\\/sagastad.no\\\/wp-content\\\/uploads\\\/2018\\\/10\\\/SAGASTAD_LOGO.svg\",\"caption\":\"Sagastad\"},\"image\":{\"@id\":\"https:\\\/\\\/sagastad.no\\\/de\\\/#\\\/schema\\\/logo\\\/image\\\/\"}}]}<\/script>\n<!-- \/ Yoast SEO plugin. -->","yoast_head_json":{"title":"Unterst\u00fctze uns - Sagastad","robots":{"index":"index","follow":"follow","max-snippet":"max-snippet:-1","max-image-preview":"max-image-preview:large","max-video-preview":"max-video-preview:-1"},"canonical":"https:\/\/sagastad.no\/de\/menu\/unterstuetze-uns\/","og_locale":"de_DE","og_type":"article","og_title":"Unterst\u00fctze uns - Sagastad","og_description":"Kj\u00f8p billett Die Stiftung Sagastad ist f\u00fcr die Verbreitung der Myklebust-Schiffs- und Wikingergeschichte auf Nordfjordeid verantwortlich. Die Stiftung hat Ambitionen, Projekte durchzuf\u00fchren, die neues Wissen untersuchen und bereitstellen, lang erwartete Literatur zu den Ergebnissen produzieren und auf andere Weise Wissen verbreiten k\u00f6nnen. Foto: Ulf Rugumayo Amundsen Sie k\u00f6nnen uns mit einem Betrag unterst\u00fctzen, der dem [&hellip;]","og_url":"https:\/\/sagastad.no\/de\/menu\/unterstuetze-uns\/","og_site_name":"Sagastad","article_modified_time":"2022-04-01T08:45:30+00:00","og_image":[{"url":"http:\/\/sagastad.no\/wp-content\/uploads\/2021\/05\/25-stott-oss-Ulf-R-A-965x666.jpg","type":"","width":"","height":""}],"twitter_card":"summary_large_image","twitter_misc":{"Gesch\u00e4tzte Lesezeit":"1 Minute"},"schema":{"@context":"https:\/\/schema.org","@graph":[{"@type":"WebPage","@id":"https:\/\/sagastad.no\/de\/menu\/unterstuetze-uns\/","url":"https:\/\/sagastad.no\/de\/menu\/unterstuetze-uns\/","name":"Unterst\u00fctze uns - Sagastad","isPartOf":{"@id":"https:\/\/sagastad.no\/de\/#website"},"primaryImageOfPage":{"@id":"https:\/\/sagastad.no\/de\/menu\/unterstuetze-uns\/#primaryimage"},"image":{"@id":"https:\/\/sagastad.no\/de\/menu\/unterstuetze-uns\/#primaryimage"},"thumbnailUrl":"http:\/\/sagastad.no\/wp-content\/uploads\/2021\/05\/25-stott-oss-Ulf-R-A-965x666.jpg","datePublished":"2021-05-02T17:09:30+00:00","dateModified":"2022-04-01T08:45:30+00:00","breadcrumb":{"@id":"https:\/\/sagastad.no\/de\/menu\/unterstuetze-uns\/#breadcrumb"},"inLanguage":"de-DE","potentialAction":[{"@type":"ReadAction","target":["https:\/\/sagastad.no\/de\/menu\/unterstuetze-uns\/"]}]},{"@type":"ImageObject","inLanguage":"de-DE","@id":"https:\/\/sagastad.no\/de\/menu\/unterstuetze-uns\/#primaryimage","url":"http:\/\/sagastad.no\/wp-content\/uploads\/2021\/05\/25-stott-oss-Ulf-R-A-965x666.jpg","contentUrl":"http:\/\/sagastad.no\/wp-content\/uploads\/2021\/05\/25-stott-oss-Ulf-R-A-965x666.jpg"},{"@type":"BreadcrumbList","@id":"https:\/\/sagastad.no\/de\/menu\/unterstuetze-uns\/#breadcrumb","itemListElement":[{"@type":"ListItem","position":1,"name":"Hjem","item":"https:\/\/sagastad.no\/de\/"},{"@type":"ListItem","position":2,"name":"Menu","item":"https:\/\/sagastad.no\/de\/menu\/"},{"@type":"ListItem","position":3,"name":"Unterst\u00fctze uns"}]},{"@type":"WebSite","@id":"https:\/\/sagastad.no\/de\/#website","url":"https:\/\/sagastad.no\/de\/","name":"Sagastad","description":"Explore the Viking Saga","publisher":{"@id":"https:\/\/sagastad.no\/de\/#organization"},"potentialAction":[{"@type":"SearchAction","target":{"@type":"EntryPoint","urlTemplate":"https:\/\/sagastad.no\/de\/?s={search_term_string}"},"query-input":{"@type":"PropertyValueSpecification","valueRequired":true,"valueName":"search_term_string"}}],"inLanguage":"de-DE"},{"@type":"Organization","@id":"https:\/\/sagastad.no\/de\/#organization","name":"Sagastad","url":"https:\/\/sagastad.no\/de\/","logo":{"@type":"ImageObject","inLanguage":"de-DE","@id":"https:\/\/sagastad.no\/de\/#\/schema\/logo\/image\/","url":"https:\/\/sagastad.no\/wp-content\/uploads\/2018\/10\/SAGASTAD_LOGO.svg","contentUrl":"https:\/\/sagastad.no\/wp-content\/uploads\/2018\/10\/SAGASTAD_LOGO.svg","caption":"Sagastad"},"image":{"@id":"https:\/\/sagastad.no\/de\/#\/schema\/logo\/image\/"}}]}},"_links":{"self":[{"href":"https:\/\/sagastad.no\/de\/wp-json\/wp\/v2\/pages\/4026","targetHints":{"allow":["GET"]}}],"collection":[{"href":"https:\/\/sagastad.no\/de\/wp-json\/wp\/v2\/pages"}],"about":[{"href":"https:\/\/sagastad.no\/de\/wp-json\/wp\/v2\/types\/page"}],"author":[{"embeddable":true,"href":"https:\/\/sagastad.no\/de\/wp-json\/wp\/v2\/users\/2"}],"replies":[{"embeddable":true,"href":"https:\/\/sagastad.no\/de\/wp-json\/wp\/v2\/comments?post=4026"}],"version-history":[{"count":0,"href":"https:\/\/sagastad.no\/de\/wp-json\/wp\/v2\/pages\/4026\/revisions"}],"up":[{"embeddable":true,"href":"https:\/\/sagastad.no\/de\/wp-json\/wp\/v2\/pages\/3972"}],"wp:attachment":[{"href":"https:\/\/sagastad.no\/de\/wp-json\/wp\/v2\/media?parent=4026"}],"curies":[{"name":"wp","href":"https:\/\/api.w.org\/{rel}","templated":true}]}}