{"id":4008,"date":"2021-05-02T19:04:54","date_gmt":"2021-05-02T17:04:54","guid":{"rendered":"http:\/\/sagastad.no\/menu\/ueber-sagastad\/"},"modified":"2022-04-01T09:42:14","modified_gmt":"2022-04-01T07:42:14","slug":"ueber-sagastad","status":"publish","type":"page","link":"https:\/\/sagastad.no\/de\/menu\/ueber-sagastad\/","title":{"rendered":"\u00dcber Sagastad"},"content":{"rendered":"\t\t<div data-elementor-type=\"wp-page\" data-elementor-id=\"4008\" class=\"elementor elementor-4008 elementor-2245\" data-elementor-post-type=\"page\">\n\t\t\t\t\t\t<section class=\"elementor-section elementor-top-section elementor-element elementor-element-76364ebc elementor-section-boxed elementor-section-height-default elementor-section-height-default\" data-id=\"76364ebc\" data-element_type=\"section\" data-e-type=\"section\">\n\t\t\t\t\t\t<div class=\"elementor-container elementor-column-gap-default\">\n\t\t\t\t\t<div class=\"elementor-column elementor-col-33 elementor-top-column elementor-element elementor-element-4f4ace33 elementor-hidden-phone\" data-id=\"4f4ace33\" data-element_type=\"column\" data-e-type=\"column\">\n\t\t\t<div class=\"elementor-widget-wrap elementor-element-populated\">\n\t\t\t\t\t\t<div class=\"elementor-element elementor-element-0ec7a04 elementor-widget elementor-widget-global elementor-global-4861 elementor-global-2875 elementor-widget-button\" data-id=\"0ec7a04\" data-element_type=\"widget\" data-e-type=\"widget\" data-widget_type=\"button.default\">\n\t\t\t\t<div class=\"elementor-widget-container\">\n\t\t\t\t\t\t\t\t\t<div class=\"elementor-button-wrapper\">\n\t\t\t\t\t<a class=\"elementor-button elementor-button-link elementor-size-xs\" href=\"https:\/\/booking.sagastad.no\/en\/todo\" target=\"_blank\">\n\t\t\t\t\t\t<span class=\"elementor-button-content-wrapper\">\n\t\t\t\t\t\t\t\t\t<span class=\"elementor-button-text\">Ticket kaufen<\/span>\n\t\t\t\t\t<\/span>\n\t\t\t\t\t<\/a>\n\t\t\t\t<\/div>\n\t\t\t\t\t\t\t\t<\/div>\n\t\t\t\t<\/div>\n\t\t\t\t<div class=\"elementor-element elementor-element-296099e0 elementor-nav-menu__align-start elementor-nav-menu--dropdown-none elementor-widget elementor-widget-nav-menu\" data-id=\"296099e0\" data-element_type=\"widget\" data-e-type=\"widget\" data-settings=\"{&quot;layout&quot;:&quot;vertical&quot;,&quot;submenu_icon&quot;:{&quot;value&quot;:&quot;&lt;i class=\\&quot;fas fa-chevron-down\\&quot; aria-hidden=\\&quot;true\\&quot;&gt;&lt;\\\/i&gt;&quot;,&quot;library&quot;:&quot;fa-solid&quot;}}\" data-widget_type=\"nav-menu.default\">\n\t\t\t\t<div class=\"elementor-widget-container\">\n\t\t\t\t\t\t\t\t<nav aria-label=\"Men\u00fc\" class=\"elementor-nav-menu--main elementor-nav-menu__container elementor-nav-menu--layout-vertical e--pointer-none\">\n\t\t\t\t<ul id=\"menu-1-296099e0\" class=\"elementor-nav-menu sm-vertical\"><li class=\"menu-item menu-item-type-post_type menu-item-object-page menu-item-4185\"><a href=\"https:\/\/sagastad.no\/de\/menu\/ueber-sagastad\/\" class=\"elementor-item\">\u00dcber Sagastad<\/a><\/li>\n<li class=\"menu-item menu-item-type-post_type menu-item-object-page menu-item-4186\"><a href=\"https:\/\/sagastad.no\/de\/menu\/finden-sie-uns\/\" class=\"elementor-item\">Finden sie uns<\/a><\/li>\n<li class=\"menu-item menu-item-type-post_type menu-item-object-page menu-item-4187\"><a href=\"https:\/\/sagastad.no\/de\/menu\/oeffnungszeiten-und-preise\/\" class=\"elementor-item\">\u00d6ffnungszeiten und preise<\/a><\/li>\n<li class=\"menu-item menu-item-type-post_type menu-item-object-page menu-item-4188\"><a href=\"https:\/\/sagastad.no\/de\/menu\/in-der-umgebung\/\" class=\"elementor-item\">In der Umgebung<\/a><\/li>\n<li class=\"menu-item menu-item-type-post_type menu-item-object-page menu-item-4189\"><a href=\"https:\/\/sagastad.no\/de\/menu\/vor-dem-besuch\/\" class=\"elementor-item\">Vor dem Besuch<\/a><\/li>\n<li class=\"menu-item menu-item-type-post_type menu-item-object-page menu-item-4190\"><a href=\"https:\/\/sagastad.no\/de\/menu\/kontakt\/\" class=\"elementor-item\">Kontakt<\/a><\/li>\n<li class=\"menu-item menu-item-type-post_type menu-item-object-page menu-item-4191\"><a href=\"https:\/\/sagastad.no\/de\/menu\/unterstuetze-uns\/\" class=\"elementor-item\">Unterst\u00fctze uns<\/a><\/li>\n<li class=\"menu-item menu-item-type-post_type menu-item-object-page menu-item-4192\"><a href=\"https:\/\/sagastad.no\/de\/menu\/firmenbesuche\/\" class=\"elementor-item\">Firmenbesuche<\/a><\/li>\n<li class=\"menu-item menu-item-type-post_type menu-item-object-page menu-item-4193\"><a href=\"https:\/\/sagastad.no\/de\/menu\/nachhaltigkeit\/\" class=\"elementor-item\">Nachhaltigkeit<\/a><\/li>\n<\/ul>\t\t\t<\/nav>\n\t\t\t\t\t\t<nav class=\"elementor-nav-menu--dropdown elementor-nav-menu__container\" aria-hidden=\"true\">\n\t\t\t\t<ul id=\"menu-2-296099e0\" class=\"elementor-nav-menu sm-vertical\"><li class=\"menu-item menu-item-type-post_type menu-item-object-page menu-item-4185\"><a href=\"https:\/\/sagastad.no\/de\/menu\/ueber-sagastad\/\" class=\"elementor-item\" tabindex=\"-1\">\u00dcber Sagastad<\/a><\/li>\n<li class=\"menu-item menu-item-type-post_type menu-item-object-page menu-item-4186\"><a href=\"https:\/\/sagastad.no\/de\/menu\/finden-sie-uns\/\" class=\"elementor-item\" tabindex=\"-1\">Finden sie uns<\/a><\/li>\n<li class=\"menu-item menu-item-type-post_type menu-item-object-page menu-item-4187\"><a href=\"https:\/\/sagastad.no\/de\/menu\/oeffnungszeiten-und-preise\/\" class=\"elementor-item\" tabindex=\"-1\">\u00d6ffnungszeiten und preise<\/a><\/li>\n<li class=\"menu-item menu-item-type-post_type menu-item-object-page menu-item-4188\"><a href=\"https:\/\/sagastad.no\/de\/menu\/in-der-umgebung\/\" class=\"elementor-item\" tabindex=\"-1\">In der Umgebung<\/a><\/li>\n<li class=\"menu-item menu-item-type-post_type menu-item-object-page menu-item-4189\"><a href=\"https:\/\/sagastad.no\/de\/menu\/vor-dem-besuch\/\" class=\"elementor-item\" tabindex=\"-1\">Vor dem Besuch<\/a><\/li>\n<li class=\"menu-item menu-item-type-post_type menu-item-object-page menu-item-4190\"><a href=\"https:\/\/sagastad.no\/de\/menu\/kontakt\/\" class=\"elementor-item\" tabindex=\"-1\">Kontakt<\/a><\/li>\n<li class=\"menu-item menu-item-type-post_type menu-item-object-page menu-item-4191\"><a href=\"https:\/\/sagastad.no\/de\/menu\/unterstuetze-uns\/\" class=\"elementor-item\" tabindex=\"-1\">Unterst\u00fctze uns<\/a><\/li>\n<li class=\"menu-item menu-item-type-post_type menu-item-object-page menu-item-4192\"><a href=\"https:\/\/sagastad.no\/de\/menu\/firmenbesuche\/\" class=\"elementor-item\" tabindex=\"-1\">Firmenbesuche<\/a><\/li>\n<li class=\"menu-item menu-item-type-post_type menu-item-object-page menu-item-4193\"><a href=\"https:\/\/sagastad.no\/de\/menu\/nachhaltigkeit\/\" class=\"elementor-item\" tabindex=\"-1\">Nachhaltigkeit<\/a><\/li>\n<\/ul>\t\t\t<\/nav>\n\t\t\t\t\t\t<\/div>\n\t\t\t\t<\/div>\n\t\t\t\t\t<\/div>\n\t\t<\/div>\n\t\t\t\t<div class=\"elementor-column elementor-col-66 elementor-top-column elementor-element elementor-element-2fb5aaf4\" data-id=\"2fb5aaf4\" data-element_type=\"column\" data-e-type=\"column\">\n\t\t\t<div class=\"elementor-widget-wrap elementor-element-populated\">\n\t\t\t\t\t\t<div class=\"elementor-element elementor-element-16ae3cf3 elementor-widget elementor-widget-text-editor\" data-id=\"16ae3cf3\" data-element_type=\"widget\" data-e-type=\"widget\" data-widget_type=\"text-editor.default\">\n\t\t\t\t<div class=\"elementor-widget-container\">\n\t\t\t\t\t\t\t\t\t<p>Sagastad ist Westnorwegens neues Wissenszentrum \u00fcber die Wikingerzeit. Hier erleben Sie das 30 Meter lange Myklebust-Schiff \u2013 eines der gr\u00f6\u00dften Wikingerschiffe der Welt. Erfahren Sie mehr \u00fcber Geheimnisse und Rituale, \u00fcber gro\u00dfartige Reisen in fantastischen Schiffen und \u00fcber unsere stolze Kulturgeschichte.<\/p>\n\t\t\t\t\t\t\t\t<\/div>\n\t\t\t\t<\/div>\n\t\t\t\t<div class=\"elementor-element elementor-element-2512f848 elementor-widget elementor-widget-image\" data-id=\"2512f848\" data-element_type=\"widget\" data-e-type=\"widget\" data-widget_type=\"image.default\">\n\t\t\t\t<div class=\"elementor-widget-container\">\n\t\t\t\t\t\t\t\t\t\t\t\t<figure class=\"wp-caption\">\n\t\t\t\t\t\t\t\t\t\t<img fetchpriority=\"high\" decoding=\"async\" width=\"1000\" height=\"644\" src=\"https:\/\/sagastad.no\/wp-content\/uploads\/2021\/06\/050-1000x644.jpg\" class=\"attachment-large size-large wp-image-3926\" alt=\"\" srcset=\"https:\/\/sagastad.no\/wp-content\/uploads\/2021\/06\/050-1000x644.jpg 1000w, https:\/\/sagastad.no\/wp-content\/uploads\/2021\/06\/050-600x386.jpg 600w, https:\/\/sagastad.no\/wp-content\/uploads\/2021\/06\/050-768x495.jpg 768w, https:\/\/sagastad.no\/wp-content\/uploads\/2021\/06\/050-1536x989.jpg 1536w, https:\/\/sagastad.no\/wp-content\/uploads\/2021\/06\/050-2048x1319.jpg 2048w\" sizes=\"(max-width: 1000px) 100vw, 1000px\" \/>\t\t\t\t\t\t\t\t\t\t\t<figcaption class=\"widget-image-caption wp-caption-text\"><\/figcaption>\n\t\t\t\t\t\t\t\t\t\t<\/figure>\n\t\t\t\t\t\t\t\t\t<\/div>\n\t\t\t\t<\/div>\n\t\t\t\t<div class=\"elementor-element elementor-element-35e53fd9 elementor-widget__width-inherit elementor-widget-tablet__width-inherit elementor-widget elementor-widget-text-editor\" data-id=\"35e53fd9\" data-element_type=\"widget\" data-e-type=\"widget\" data-widget_type=\"text-editor.default\">\n\t\t\t\t<div class=\"elementor-widget-container\">\n\t\t\t\t\t\t\t\t\t<p>In der Wikingerzeit war Nordfjordeid eine zentrale Stadt und Sitz der Grafschaft Firdafylket. Hier finden Sie eines der reichsten, gr\u00f6\u00dften und spektakul\u00e4rsten Wikingergr\u00e4ber des Landes mit verbrannten \u00dcberresten des riesigen Myklebust-Schiffes. \u00dcberreste eines H\u00e4uptlings oder K\u00f6nigs erz\u00e4hlen zusammen mit seinen Reicht\u00fcmern eine spannende Geschichte, die direkt mit einer namentlich genannten Person aus den Sagen in Verbindung gebracht werden kann. Es gibt auch mehrere andere reiche Gr\u00e4ber aus der Wikingerzeit in Nordfjordeid, welche die zentrale Rolle der Stadt zu dieser Zeit best\u00e4tigen. Diese einzigartigen Funde bilden die Grundlage f\u00fcr die Geschichte, die Sie in Sagastad erleben k\u00f6nnen.<\/p>\n<p>Sagastad ist ein Wissenszentrum nationalen Formats. Das Zentrum ist in der Forschung in Zusammenarbeit mit der Universit\u00e4t Bergen und dem Mittelalter Cluster verankert. Der zentralste Teil des Zentrums ist das spektakul\u00e4re Myklebust-Schiff. Das Schiff befindet sich in der Mitte des Zentrums, umgeben von interaktiven Ausstellungen, die sich haupts\u00e4chlich auf das Schiff und die anderen Grabfunde auf Nordfjordeid beziehen.<\/p>\n<p>Das Zentrum wurde am 10. Mai 2019 er\u00f6ffnet und unterh\u00e4lt einen ganzj\u00e4hrigen Betrieb mit M\u00f6glichkeiten f\u00fcr Partys, Konzerte, Vortr\u00e4ge und andere Veranstaltungen. Sagastad wird die Ausstellung weiterentwickeln, indem in regelm\u00e4\u00dfigen Abst\u00e4nden neue oder wechselnde Ausstellungsinstallationen eingef\u00fchrt werden.<\/p>\n\t\t\t\t\t\t\t\t<\/div>\n\t\t\t\t<\/div>\n\t\t\t\t\t<\/div>\n\t\t<\/div>\n\t\t\t\t\t<\/div>\n\t\t<\/section>\n\t\t\t\t<\/div>\n\t\t","protected":false},"excerpt":{"rendered":"<p>Kj\u00f8p billett Sagastad ist Westnorwegens neues Wissenszentrum \u00fcber die Wikingerzeit. Hier erleben Sie das 30 Meter lange Myklebust-Schiff \u2013 eines der gr\u00f6\u00dften Wikingerschiffe der Welt. Erfahren Sie mehr \u00fcber Geheimnisse und Rituale, \u00fcber gro\u00dfartige Reisen in fantastischen Schiffen und \u00fcber unsere stolze Kulturgeschichte. In der Wikingerzeit war Nordfjordeid eine zentrale Stadt und Sitz der Grafschaft [&hellip;]<\/p>\n","protected":false},"author":2,"featured_media":0,"parent":3972,"menu_order":0,"comment_status":"closed","ping_status":"closed","template":"","meta":{"iawp_total_views":1049,"footnotes":""},"class_list":["post-4008","page","type-page","status-publish","hentry"],"yoast_head":"<!-- This site is optimized with the Yoast SEO plugin v27.3 - https:\/\/yoast.com\/product\/yoast-seo-wordpress\/ -->\n<title>\u00dcber Sagastad - Sagastad<\/title>\n<meta name=\"robots\" content=\"index, follow, max-snippet:-1, max-image-preview:large, max-video-preview:-1\" \/>\n<link rel=\"canonical\" href=\"https:\/\/sagastad.no\/de\/menu\/ueber-sagastad\/\" \/>\n<meta property=\"og:locale\" content=\"de_DE\" \/>\n<meta property=\"og:type\" content=\"article\" \/>\n<meta property=\"og:title\" content=\"\u00dcber Sagastad - Sagastad\" \/>\n<meta property=\"og:description\" content=\"Kj\u00f8p billett Sagastad ist Westnorwegens neues Wissenszentrum \u00fcber die Wikingerzeit. Hier erleben Sie das 30 Meter lange Myklebust-Schiff \u2013 eines der gr\u00f6\u00dften Wikingerschiffe der Welt. Erfahren Sie mehr \u00fcber Geheimnisse und Rituale, \u00fcber gro\u00dfartige Reisen in fantastischen Schiffen und \u00fcber unsere stolze Kulturgeschichte. In der Wikingerzeit war Nordfjordeid eine zentrale Stadt und Sitz der Grafschaft [&hellip;]\" \/>\n<meta property=\"og:url\" content=\"https:\/\/sagastad.no\/de\/menu\/ueber-sagastad\/\" \/>\n<meta property=\"og:site_name\" content=\"Sagastad\" \/>\n<meta property=\"article:modified_time\" content=\"2022-04-01T07:42:14+00:00\" \/>\n<meta property=\"og:image\" content=\"http:\/\/sagastad.no\/wp-content\/uploads\/2021\/06\/050-1000x644.jpg\" \/>\n<meta name=\"twitter:card\" content=\"summary_large_image\" \/>\n<meta name=\"twitter:label1\" content=\"Gesch\u00e4tzte Lesezeit\" \/>\n\t<meta name=\"twitter:data1\" content=\"1 Minute\" \/>\n<script type=\"application\/ld+json\" class=\"yoast-schema-graph\">{\"@context\":\"https:\\\/\\\/schema.org\",\"@graph\":[{\"@type\":\"WebPage\",\"@id\":\"https:\\\/\\\/sagastad.no\\\/de\\\/menu\\\/ueber-sagastad\\\/\",\"url\":\"https:\\\/\\\/sagastad.no\\\/de\\\/menu\\\/ueber-sagastad\\\/\",\"name\":\"\u00dcber Sagastad - Sagastad\",\"isPartOf\":{\"@id\":\"https:\\\/\\\/sagastad.no\\\/de\\\/#website\"},\"primaryImageOfPage\":{\"@id\":\"https:\\\/\\\/sagastad.no\\\/de\\\/menu\\\/ueber-sagastad\\\/#primaryimage\"},\"image\":{\"@id\":\"https:\\\/\\\/sagastad.no\\\/de\\\/menu\\\/ueber-sagastad\\\/#primaryimage\"},\"thumbnailUrl\":\"http:\\\/\\\/sagastad.no\\\/wp-content\\\/uploads\\\/2021\\\/06\\\/050-1000x644.jpg\",\"datePublished\":\"2021-05-02T17:04:54+00:00\",\"dateModified\":\"2022-04-01T07:42:14+00:00\",\"breadcrumb\":{\"@id\":\"https:\\\/\\\/sagastad.no\\\/de\\\/menu\\\/ueber-sagastad\\\/#breadcrumb\"},\"inLanguage\":\"de-DE\",\"potentialAction\":[{\"@type\":\"ReadAction\",\"target\":[\"https:\\\/\\\/sagastad.no\\\/de\\\/menu\\\/ueber-sagastad\\\/\"]}]},{\"@type\":\"ImageObject\",\"inLanguage\":\"de-DE\",\"@id\":\"https:\\\/\\\/sagastad.no\\\/de\\\/menu\\\/ueber-sagastad\\\/#primaryimage\",\"url\":\"http:\\\/\\\/sagastad.no\\\/wp-content\\\/uploads\\\/2021\\\/06\\\/050-1000x644.jpg\",\"contentUrl\":\"http:\\\/\\\/sagastad.no\\\/wp-content\\\/uploads\\\/2021\\\/06\\\/050-1000x644.jpg\"},{\"@type\":\"BreadcrumbList\",\"@id\":\"https:\\\/\\\/sagastad.no\\\/de\\\/menu\\\/ueber-sagastad\\\/#breadcrumb\",\"itemListElement\":[{\"@type\":\"ListItem\",\"position\":1,\"name\":\"Hjem\",\"item\":\"https:\\\/\\\/sagastad.no\\\/de\\\/\"},{\"@type\":\"ListItem\",\"position\":2,\"name\":\"Menu\",\"item\":\"https:\\\/\\\/sagastad.no\\\/de\\\/menu\\\/\"},{\"@type\":\"ListItem\",\"position\":3,\"name\":\"\u00dcber Sagastad\"}]},{\"@type\":\"WebSite\",\"@id\":\"https:\\\/\\\/sagastad.no\\\/de\\\/#website\",\"url\":\"https:\\\/\\\/sagastad.no\\\/de\\\/\",\"name\":\"Sagastad\",\"description\":\"Explore the Viking Saga\",\"publisher\":{\"@id\":\"https:\\\/\\\/sagastad.no\\\/de\\\/#organization\"},\"potentialAction\":[{\"@type\":\"SearchAction\",\"target\":{\"@type\":\"EntryPoint\",\"urlTemplate\":\"https:\\\/\\\/sagastad.no\\\/de\\\/?s={search_term_string}\"},\"query-input\":{\"@type\":\"PropertyValueSpecification\",\"valueRequired\":true,\"valueName\":\"search_term_string\"}}],\"inLanguage\":\"de-DE\"},{\"@type\":\"Organization\",\"@id\":\"https:\\\/\\\/sagastad.no\\\/de\\\/#organization\",\"name\":\"Sagastad\",\"url\":\"https:\\\/\\\/sagastad.no\\\/de\\\/\",\"logo\":{\"@type\":\"ImageObject\",\"inLanguage\":\"de-DE\",\"@id\":\"https:\\\/\\\/sagastad.no\\\/de\\\/#\\\/schema\\\/logo\\\/image\\\/\",\"url\":\"https:\\\/\\\/sagastad.no\\\/wp-content\\\/uploads\\\/2018\\\/10\\\/SAGASTAD_LOGO.svg\",\"contentUrl\":\"https:\\\/\\\/sagastad.no\\\/wp-content\\\/uploads\\\/2018\\\/10\\\/SAGASTAD_LOGO.svg\",\"caption\":\"Sagastad\"},\"image\":{\"@id\":\"https:\\\/\\\/sagastad.no\\\/de\\\/#\\\/schema\\\/logo\\\/image\\\/\"}}]}<\/script>\n<!-- \/ Yoast SEO plugin. -->","yoast_head_json":{"title":"\u00dcber Sagastad - Sagastad","robots":{"index":"index","follow":"follow","max-snippet":"max-snippet:-1","max-image-preview":"max-image-preview:large","max-video-preview":"max-video-preview:-1"},"canonical":"https:\/\/sagastad.no\/de\/menu\/ueber-sagastad\/","og_locale":"de_DE","og_type":"article","og_title":"\u00dcber Sagastad - Sagastad","og_description":"Kj\u00f8p billett Sagastad ist Westnorwegens neues Wissenszentrum \u00fcber die Wikingerzeit. Hier erleben Sie das 30 Meter lange Myklebust-Schiff \u2013 eines der gr\u00f6\u00dften Wikingerschiffe der Welt. Erfahren Sie mehr \u00fcber Geheimnisse und Rituale, \u00fcber gro\u00dfartige Reisen in fantastischen Schiffen und \u00fcber unsere stolze Kulturgeschichte. In der Wikingerzeit war Nordfjordeid eine zentrale Stadt und Sitz der Grafschaft [&hellip;]","og_url":"https:\/\/sagastad.no\/de\/menu\/ueber-sagastad\/","og_site_name":"Sagastad","article_modified_time":"2022-04-01T07:42:14+00:00","og_image":[{"url":"http:\/\/sagastad.no\/wp-content\/uploads\/2021\/06\/050-1000x644.jpg","type":"","width":"","height":""}],"twitter_card":"summary_large_image","twitter_misc":{"Gesch\u00e4tzte Lesezeit":"1 Minute"},"schema":{"@context":"https:\/\/schema.org","@graph":[{"@type":"WebPage","@id":"https:\/\/sagastad.no\/de\/menu\/ueber-sagastad\/","url":"https:\/\/sagastad.no\/de\/menu\/ueber-sagastad\/","name":"\u00dcber Sagastad - Sagastad","isPartOf":{"@id":"https:\/\/sagastad.no\/de\/#website"},"primaryImageOfPage":{"@id":"https:\/\/sagastad.no\/de\/menu\/ueber-sagastad\/#primaryimage"},"image":{"@id":"https:\/\/sagastad.no\/de\/menu\/ueber-sagastad\/#primaryimage"},"thumbnailUrl":"http:\/\/sagastad.no\/wp-content\/uploads\/2021\/06\/050-1000x644.jpg","datePublished":"2021-05-02T17:04:54+00:00","dateModified":"2022-04-01T07:42:14+00:00","breadcrumb":{"@id":"https:\/\/sagastad.no\/de\/menu\/ueber-sagastad\/#breadcrumb"},"inLanguage":"de-DE","potentialAction":[{"@type":"ReadAction","target":["https:\/\/sagastad.no\/de\/menu\/ueber-sagastad\/"]}]},{"@type":"ImageObject","inLanguage":"de-DE","@id":"https:\/\/sagastad.no\/de\/menu\/ueber-sagastad\/#primaryimage","url":"http:\/\/sagastad.no\/wp-content\/uploads\/2021\/06\/050-1000x644.jpg","contentUrl":"http:\/\/sagastad.no\/wp-content\/uploads\/2021\/06\/050-1000x644.jpg"},{"@type":"BreadcrumbList","@id":"https:\/\/sagastad.no\/de\/menu\/ueber-sagastad\/#breadcrumb","itemListElement":[{"@type":"ListItem","position":1,"name":"Hjem","item":"https:\/\/sagastad.no\/de\/"},{"@type":"ListItem","position":2,"name":"Menu","item":"https:\/\/sagastad.no\/de\/menu\/"},{"@type":"ListItem","position":3,"name":"\u00dcber Sagastad"}]},{"@type":"WebSite","@id":"https:\/\/sagastad.no\/de\/#website","url":"https:\/\/sagastad.no\/de\/","name":"Sagastad","description":"Explore the Viking Saga","publisher":{"@id":"https:\/\/sagastad.no\/de\/#organization"},"potentialAction":[{"@type":"SearchAction","target":{"@type":"EntryPoint","urlTemplate":"https:\/\/sagastad.no\/de\/?s={search_term_string}"},"query-input":{"@type":"PropertyValueSpecification","valueRequired":true,"valueName":"search_term_string"}}],"inLanguage":"de-DE"},{"@type":"Organization","@id":"https:\/\/sagastad.no\/de\/#organization","name":"Sagastad","url":"https:\/\/sagastad.no\/de\/","logo":{"@type":"ImageObject","inLanguage":"de-DE","@id":"https:\/\/sagastad.no\/de\/#\/schema\/logo\/image\/","url":"https:\/\/sagastad.no\/wp-content\/uploads\/2018\/10\/SAGASTAD_LOGO.svg","contentUrl":"https:\/\/sagastad.no\/wp-content\/uploads\/2018\/10\/SAGASTAD_LOGO.svg","caption":"Sagastad"},"image":{"@id":"https:\/\/sagastad.no\/de\/#\/schema\/logo\/image\/"}}]}},"_links":{"self":[{"href":"https:\/\/sagastad.no\/de\/wp-json\/wp\/v2\/pages\/4008","targetHints":{"allow":["GET"]}}],"collection":[{"href":"https:\/\/sagastad.no\/de\/wp-json\/wp\/v2\/pages"}],"about":[{"href":"https:\/\/sagastad.no\/de\/wp-json\/wp\/v2\/types\/page"}],"author":[{"embeddable":true,"href":"https:\/\/sagastad.no\/de\/wp-json\/wp\/v2\/users\/2"}],"replies":[{"embeddable":true,"href":"https:\/\/sagastad.no\/de\/wp-json\/wp\/v2\/comments?post=4008"}],"version-history":[{"count":0,"href":"https:\/\/sagastad.no\/de\/wp-json\/wp\/v2\/pages\/4008\/revisions"}],"up":[{"embeddable":true,"href":"https:\/\/sagastad.no\/de\/wp-json\/wp\/v2\/pages\/3972"}],"wp:attachment":[{"href":"https:\/\/sagastad.no\/de\/wp-json\/wp\/v2\/media?parent=4008"}],"curies":[{"name":"wp","href":"https:\/\/api.w.org\/{rel}","templated":true}]}}