{"id":3984,"date":"2019-01-17T21:30:58","date_gmt":"2019-01-17T20:30:58","guid":{"rendered":"http:\/\/sagastad.no\/titelseite\/"},"modified":"2023-05-11T10:04:09","modified_gmt":"2023-05-11T08:04:09","slug":"titelseite","status":"publish","type":"page","link":"https:\/\/sagastad.no\/de\/titelseite\/","title":{"rendered":"Titelseite"},"content":{"rendered":"\t\t<div data-elementor-type=\"wp-post\" data-elementor-id=\"3984\" class=\"elementor elementor-3984 elementor-334\" data-elementor-post-type=\"page\">\n\t\t\t\t\t\t<section class=\"elementor-section elementor-top-section elementor-element elementor-element-cef88de elementor-section-height-min-height elementor-section-items-stretch elementor-section-content-middle elementor-section-boxed elementor-section-height-default\" data-id=\"cef88de\" data-element_type=\"section\" data-e-type=\"section\" data-settings=\"{&quot;background_background&quot;:&quot;slideshow&quot;,&quot;background_slideshow_gallery&quot;:[{&quot;id&quot;:2862,&quot;url&quot;:&quot;https:\\\/\\\/sagastad.no\\\/wp-content\\\/uploads\\\/2021\\\/05\\\/00-framside-Ulf-Rugumayo-Amundsen.jpg&quot;},{&quot;id&quot;:2864,&quot;url&quot;:&quot;https:\\\/\\\/sagastad.no\\\/wp-content\\\/uploads\\\/2021\\\/05\\\/00-framside-Ruben-Soltvedt.jpg&quot;},{&quot;id&quot;:2860,&quot;url&quot;:&quot;https:\\\/\\\/sagastad.no\\\/wp-content\\\/uploads\\\/2021\\\/05\\\/001-framside-Ruben-Soltvedt.jpg&quot;}],&quot;background_slideshow_ken_burns&quot;:&quot;yes&quot;,&quot;background_slideshow_loop&quot;:&quot;yes&quot;,&quot;background_slideshow_slide_duration&quot;:5000,&quot;background_slideshow_slide_transition&quot;:&quot;fade&quot;,&quot;background_slideshow_transition_duration&quot;:500,&quot;background_slideshow_ken_burns_zoom_direction&quot;:&quot;in&quot;}\">\n\t\t\t\t\t\t\t<div class=\"elementor-background-overlay\"><\/div>\n\t\t\t\t\t\t\t<div class=\"elementor-container elementor-column-gap-default\">\n\t\t\t\t\t<div class=\"elementor-column elementor-col-100 elementor-top-column elementor-element elementor-element-ff2bc96\" data-id=\"ff2bc96\" data-element_type=\"column\" data-e-type=\"column\">\n\t\t\t<div class=\"elementor-widget-wrap elementor-element-populated\">\n\t\t\t\t\t\t<div class=\"elementor-element elementor-element-e490856 elementor-cta--layout-image-above elementor-hidden-desktop elementor-cta--skin-classic elementor-animated-content elementor-bg-transform elementor-bg-transform-zoom-in elementor-widget elementor-widget-call-to-action\" data-id=\"e490856\" data-element_type=\"widget\" data-e-type=\"widget\" data-widget_type=\"call-to-action.default\">\n\t\t\t\t<div class=\"elementor-widget-container\">\n\t\t\t\t\t\t\t<a class=\"elementor-cta\" href=\"https:\/\/xdd77.appbuild.io\/\">\n\t\t\t\t\t<div class=\"elementor-cta__bg-wrapper\">\n\t\t\t\t<div class=\"elementor-cta__bg elementor-bg lazyload\" style=\"background-image:inherit;\" role=\"img\" aria-label=\"1200px-Flag_of_Germany.svg\" data-bg-image=\"url(https:\/\/sagastad.no\/wp-content\/uploads\/2022\/03\/1200px-Flag_of_Germany.svg_-768x461.webp)\"><\/div>\n\t\t\t\t<div class=\"elementor-cta__bg-overlay\"><\/div>\n\t\t\t<\/div>\n\t\t\t\t\t\t\t<div class=\"elementor-cta__content\">\n\t\t\t\t\n\t\t\t\t\t\t\t\t\t<h2 class=\"elementor-cta__title elementor-cta__content-item elementor-content-item\">\n\t\t\t\t\t\tAudiotour Deutsch\t\t\t\t\t<\/h2>\n\t\t\t\t\n\t\t\t\t\t\t\t\t\t<div class=\"elementor-cta__description elementor-cta__content-item elementor-content-item\">\n\t\t\t\t\t\t<p>Klicken Sie hier f\u00fcr die tour auf Deutsch.<\/p>\n\t\t\t\t\t<\/div>\n\t\t\t\t\n\t\t\t\t\t\t\t<\/div>\n\t\t\t\t\t\t\t<div class=\"elementor-ribbon\">\n\t\t\t\t<div class=\"elementor-ribbon-inner\">\n\t\t\t\t\tTour starten\t\t\t\t<\/div>\n\t\t\t<\/div>\n\t\t\t\t<\/a>\n\t\t\t\t\t\t<\/div>\n\t\t\t\t<\/div>\n\t\t\t\t\t<\/div>\n\t\t<\/div>\n\t\t\t\t\t<\/div>\n\t\t<\/section>\n\t\t\t\t<section class=\"elementor-section elementor-top-section elementor-element elementor-element-994b135 elementor-section-stretched elementor-section-boxed elementor-section-height-default elementor-section-height-default\" data-id=\"994b135\" data-element_type=\"section\" data-e-type=\"section\" data-settings=\"{&quot;background_background&quot;:&quot;classic&quot;,&quot;stretch_section&quot;:&quot;section-stretched&quot;}\">\n\t\t\t\t\t\t<div class=\"elementor-container elementor-column-gap-wider\">\n\t\t\t\t\t<div class=\"elementor-column elementor-col-100 elementor-top-column elementor-element elementor-element-769ef3e\" data-id=\"769ef3e\" data-element_type=\"column\" data-e-type=\"column\" data-settings=\"{&quot;background_background&quot;:&quot;classic&quot;}\">\n\t\t\t<div class=\"elementor-widget-wrap elementor-element-populated\">\n\t\t\t\t\t\t<div class=\"elementor-element elementor-element-fc0a94f elementor-widget elementor-widget-heading\" data-id=\"fc0a94f\" data-element_type=\"widget\" data-e-type=\"widget\" data-widget_type=\"heading.default\">\n\t\t\t\t<div class=\"elementor-widget-container\">\n\t\t\t\t\t<h1 class=\"elementor-heading-title elementor-size-default\">Willkommen im Sagastad Wikingerzentrum<\/h1>\t\t\t\t<\/div>\n\t\t\t\t<\/div>\n\t\t\t\t<div class=\"elementor-element elementor-element-71388f8 elementor-widget elementor-widget-text-editor\" data-id=\"71388f8\" data-element_type=\"widget\" data-e-type=\"widget\" data-widget_type=\"text-editor.default\">\n\t\t\t\t<div class=\"elementor-widget-container\">\n\t\t\t\t\t\t\t\t\t<p>Sagastad ist Westnorwegens neues Wikingerzentrum. Hier erleben Sie das 30 Meter lange Myklebust-Schiff \u2013 eines der gr\u00f6\u00dften Wikingerschiffe der Welt. Erfahren Sie mehr \u00fcber Geheimnisse und Rituale, \u00fcber gro\u00dfartige Reisen in fantastischen Schiffen und \u00fcber unsere Kulturgeschichte.<\/p>\n\t\t\t\t\t\t\t\t<\/div>\n\t\t\t\t<\/div>\n\t\t\t\t<div class=\"elementor-element elementor-element-f4690d3 elementor-cta--layout-image-right elementor-cta--valign-middle elementor-cta--mobile-layout-image-above elementor-cta--skin-classic elementor-animated-content elementor-bg-transform elementor-bg-transform-zoom-in elementor-widget elementor-widget-call-to-action\" data-id=\"f4690d3\" data-element_type=\"widget\" data-e-type=\"widget\" data-widget_type=\"call-to-action.default\">\n\t\t\t\t<div class=\"elementor-widget-container\">\n\t\t\t\t\t\t\t<a class=\"elementor-cta\" href=\"https:\/\/booking.sagastad.no\/en\/todo\">\n\t\t\t\t\t<div class=\"elementor-cta__bg-wrapper\">\n\t\t\t\t<div class=\"elementor-cta__bg elementor-bg lazyload\" style=\"background-image:inherit;\" role=\"img\" aria-label=\"Saga16 (1)\" data-bg-image=\"url(https:\/\/sagastad.no\/wp-content\/uploads\/2022\/02\/Saga16-1-998x666.jpg)\"><\/div>\n\t\t\t\t<div class=\"elementor-cta__bg-overlay\"><\/div>\n\t\t\t<\/div>\n\t\t\t\t\t\t\t<div class=\"elementor-cta__content\">\n\t\t\t\t\n\t\t\t\t\t\t\t\t\t<h2 class=\"elementor-cta__title elementor-cta__content-item elementor-content-item\">\n\t\t\t\t\t\tSiehe das Myklebust-Schiff\t\t\t\t\t<\/h2>\n\t\t\t\t\n\t\t\t\t\t\t\t\t\t<div class=\"elementor-cta__description elementor-cta__content-item elementor-content-item\">\n\t\t\t\t\t\t<p>Besuchen Sie Sagastad noch heute!<\/p>\n\t\t\t\t\t<\/div>\n\t\t\t\t\n\t\t\t\t\t\t\t\t\t<div class=\"elementor-cta__button-wrapper elementor-cta__content-item elementor-content-item \">\n\t\t\t\t\t<span class=\"elementor-cta__button elementor-button elementor-size-\">\n\t\t\t\t\t\tTicket kaufen\t\t\t\t\t<\/span>\n\t\t\t\t\t<\/div>\n\t\t\t\t\t\t\t<\/div>\n\t\t\t\t\t\t<\/a>\n\t\t\t\t\t\t<\/div>\n\t\t\t\t<\/div>\n\t\t\t\t\t<\/div>\n\t\t<\/div>\n\t\t\t\t\t<\/div>\n\t\t<\/section>\n\t\t\t\t<section class=\"elementor-section elementor-top-section elementor-element elementor-element-5080274 elementor-section-stretched elementor-section-boxed elementor-section-height-default elementor-section-height-default\" data-id=\"5080274\" data-element_type=\"section\" data-e-type=\"section\" data-settings=\"{&quot;background_background&quot;:&quot;classic&quot;,&quot;stretch_section&quot;:&quot;section-stretched&quot;}\">\n\t\t\t\t\t\t<div class=\"elementor-container elementor-column-gap-wider\">\n\t\t\t\t\t<div class=\"elementor-column elementor-col-100 elementor-top-column elementor-element elementor-element-32d33b2\" data-id=\"32d33b2\" data-element_type=\"column\" data-e-type=\"column\" data-settings=\"{&quot;background_background&quot;:&quot;classic&quot;}\">\n\t\t\t<div class=\"elementor-widget-wrap elementor-element-populated\">\n\t\t\t\t\t\t<div class=\"elementor-element elementor-element-1fa79ef elementor-widget elementor-widget-heading\" data-id=\"1fa79ef\" data-element_type=\"widget\" data-e-type=\"widget\" data-widget_type=\"heading.default\">\n\t\t\t\t<div class=\"elementor-widget-container\">\n\t\t\t\t\t<h2 class=\"elementor-heading-title elementor-size-default\">Aktuell<\/h2>\t\t\t\t<\/div>\n\t\t\t\t<\/div>\n\t\t\t\t\t<\/div>\n\t\t<\/div>\n\t\t\t\t\t<\/div>\n\t\t<\/section>\n\t\t\t\t<\/div>\n\t\t","protected":false},"excerpt":{"rendered":"<p>Audiotour Deutsch Klicken Sie hier f\u00fcr die tour auf Deutsch. Tour starten Willkommen im Sagastad Wikingerzentrum Sagastad ist Westnorwegens neues Wikingerzentrum. Hier erleben Sie das 30 Meter lange Myklebust-Schiff \u2013 eines der gr\u00f6\u00dften Wikingerschiffe der Welt. Erfahren Sie mehr \u00fcber Geheimnisse und Rituale, \u00fcber gro\u00dfartige Reisen in fantastischen Schiffen und \u00fcber unsere Kulturgeschichte. Siehe das [&hellip;]<\/p>\n","protected":false},"author":2,"featured_media":0,"parent":0,"menu_order":0,"comment_status":"closed","ping_status":"closed","template":"","meta":{"iawp_total_views":1183,"footnotes":""},"class_list":["post-3984","page","type-page","status-publish","hentry"],"yoast_head":"<!-- This site is optimized with the Yoast SEO plugin v27.3 - https:\/\/yoast.com\/product\/yoast-seo-wordpress\/ -->\n<title>Titelseite - Sagastad<\/title>\n<meta name=\"robots\" content=\"index, follow, max-snippet:-1, max-image-preview:large, max-video-preview:-1\" \/>\n<link rel=\"canonical\" href=\"https:\/\/sagastad.no\/de\/titelseite\/\" \/>\n<meta property=\"og:locale\" content=\"de_DE\" \/>\n<meta property=\"og:type\" content=\"article\" \/>\n<meta property=\"og:title\" content=\"Sagastad\" \/>\n<meta property=\"og:description\" content=\"Willkommen in Sagastad und unserem Wikingererlebnis in Nordfjordeid\" \/>\n<meta property=\"og:url\" content=\"https:\/\/sagastad.no\/de\/titelseite\/\" \/>\n<meta property=\"og:site_name\" content=\"Sagastad\" \/>\n<meta property=\"article:modified_time\" content=\"2023-05-11T08:04:09+00:00\" \/>\n<meta property=\"og:image\" content=\"http:\/\/sagastad.no\/wp-content\/uploads\/2018\/11\/Sagastad_bygg-i-svarte-lister_2018_Nordplan-1.jpg\" \/>\n<meta name=\"twitter:card\" content=\"summary_large_image\" \/>\n<script type=\"application\/ld+json\" class=\"yoast-schema-graph\">{\"@context\":\"https:\\\/\\\/schema.org\",\"@graph\":[{\"@type\":\"WebPage\",\"@id\":\"https:\\\/\\\/sagastad.no\\\/de\\\/titelseite\\\/\",\"url\":\"https:\\\/\\\/sagastad.no\\\/de\\\/titelseite\\\/\",\"name\":\"Titelseite - Sagastad\",\"isPartOf\":{\"@id\":\"https:\\\/\\\/sagastad.no\\\/de\\\/#website\"},\"datePublished\":\"2019-01-17T20:30:58+00:00\",\"dateModified\":\"2023-05-11T08:04:09+00:00\",\"breadcrumb\":{\"@id\":\"https:\\\/\\\/sagastad.no\\\/de\\\/titelseite\\\/#breadcrumb\"},\"inLanguage\":\"de-DE\",\"potentialAction\":[{\"@type\":\"ReadAction\",\"target\":[\"https:\\\/\\\/sagastad.no\\\/de\\\/titelseite\\\/\"]}]},{\"@type\":\"BreadcrumbList\",\"@id\":\"https:\\\/\\\/sagastad.no\\\/de\\\/titelseite\\\/#breadcrumb\",\"itemListElement\":[{\"@type\":\"ListItem\",\"position\":1,\"name\":\"Hjem\",\"item\":\"https:\\\/\\\/sagastad.no\\\/de\\\/\"},{\"@type\":\"ListItem\",\"position\":2,\"name\":\"Titelseite\"}]},{\"@type\":\"WebSite\",\"@id\":\"https:\\\/\\\/sagastad.no\\\/de\\\/#website\",\"url\":\"https:\\\/\\\/sagastad.no\\\/de\\\/\",\"name\":\"Sagastad\",\"description\":\"Explore the Viking Saga\",\"publisher\":{\"@id\":\"https:\\\/\\\/sagastad.no\\\/de\\\/#organization\"},\"potentialAction\":[{\"@type\":\"SearchAction\",\"target\":{\"@type\":\"EntryPoint\",\"urlTemplate\":\"https:\\\/\\\/sagastad.no\\\/de\\\/?s={search_term_string}\"},\"query-input\":{\"@type\":\"PropertyValueSpecification\",\"valueRequired\":true,\"valueName\":\"search_term_string\"}}],\"inLanguage\":\"de-DE\"},{\"@type\":\"Organization\",\"@id\":\"https:\\\/\\\/sagastad.no\\\/de\\\/#organization\",\"name\":\"Sagastad\",\"url\":\"https:\\\/\\\/sagastad.no\\\/de\\\/\",\"logo\":{\"@type\":\"ImageObject\",\"inLanguage\":\"de-DE\",\"@id\":\"https:\\\/\\\/sagastad.no\\\/de\\\/#\\\/schema\\\/logo\\\/image\\\/\",\"url\":\"https:\\\/\\\/sagastad.no\\\/wp-content\\\/uploads\\\/2018\\\/10\\\/SAGASTAD_LOGO.svg\",\"contentUrl\":\"https:\\\/\\\/sagastad.no\\\/wp-content\\\/uploads\\\/2018\\\/10\\\/SAGASTAD_LOGO.svg\",\"caption\":\"Sagastad\"},\"image\":{\"@id\":\"https:\\\/\\\/sagastad.no\\\/de\\\/#\\\/schema\\\/logo\\\/image\\\/\"}}]}<\/script>\n<!-- \/ Yoast SEO plugin. -->","yoast_head_json":{"title":"Titelseite - Sagastad","robots":{"index":"index","follow":"follow","max-snippet":"max-snippet:-1","max-image-preview":"max-image-preview:large","max-video-preview":"max-video-preview:-1"},"canonical":"https:\/\/sagastad.no\/de\/titelseite\/","og_locale":"de_DE","og_type":"article","og_title":"Sagastad","og_description":"Willkommen in Sagastad und unserem Wikingererlebnis in Nordfjordeid","og_url":"https:\/\/sagastad.no\/de\/titelseite\/","og_site_name":"Sagastad","article_modified_time":"2023-05-11T08:04:09+00:00","og_image":[{"url":"http:\/\/sagastad.no\/wp-content\/uploads\/2018\/11\/Sagastad_bygg-i-svarte-lister_2018_Nordplan-1.jpg","type":"","width":"","height":""}],"twitter_card":"summary_large_image","schema":{"@context":"https:\/\/schema.org","@graph":[{"@type":"WebPage","@id":"https:\/\/sagastad.no\/de\/titelseite\/","url":"https:\/\/sagastad.no\/de\/titelseite\/","name":"Titelseite - Sagastad","isPartOf":{"@id":"https:\/\/sagastad.no\/de\/#website"},"datePublished":"2019-01-17T20:30:58+00:00","dateModified":"2023-05-11T08:04:09+00:00","breadcrumb":{"@id":"https:\/\/sagastad.no\/de\/titelseite\/#breadcrumb"},"inLanguage":"de-DE","potentialAction":[{"@type":"ReadAction","target":["https:\/\/sagastad.no\/de\/titelseite\/"]}]},{"@type":"BreadcrumbList","@id":"https:\/\/sagastad.no\/de\/titelseite\/#breadcrumb","itemListElement":[{"@type":"ListItem","position":1,"name":"Hjem","item":"https:\/\/sagastad.no\/de\/"},{"@type":"ListItem","position":2,"name":"Titelseite"}]},{"@type":"WebSite","@id":"https:\/\/sagastad.no\/de\/#website","url":"https:\/\/sagastad.no\/de\/","name":"Sagastad","description":"Explore the Viking Saga","publisher":{"@id":"https:\/\/sagastad.no\/de\/#organization"},"potentialAction":[{"@type":"SearchAction","target":{"@type":"EntryPoint","urlTemplate":"https:\/\/sagastad.no\/de\/?s={search_term_string}"},"query-input":{"@type":"PropertyValueSpecification","valueRequired":true,"valueName":"search_term_string"}}],"inLanguage":"de-DE"},{"@type":"Organization","@id":"https:\/\/sagastad.no\/de\/#organization","name":"Sagastad","url":"https:\/\/sagastad.no\/de\/","logo":{"@type":"ImageObject","inLanguage":"de-DE","@id":"https:\/\/sagastad.no\/de\/#\/schema\/logo\/image\/","url":"https:\/\/sagastad.no\/wp-content\/uploads\/2018\/10\/SAGASTAD_LOGO.svg","contentUrl":"https:\/\/sagastad.no\/wp-content\/uploads\/2018\/10\/SAGASTAD_LOGO.svg","caption":"Sagastad"},"image":{"@id":"https:\/\/sagastad.no\/de\/#\/schema\/logo\/image\/"}}]}},"_links":{"self":[{"href":"https:\/\/sagastad.no\/de\/wp-json\/wp\/v2\/pages\/3984","targetHints":{"allow":["GET"]}}],"collection":[{"href":"https:\/\/sagastad.no\/de\/wp-json\/wp\/v2\/pages"}],"about":[{"href":"https:\/\/sagastad.no\/de\/wp-json\/wp\/v2\/types\/page"}],"author":[{"embeddable":true,"href":"https:\/\/sagastad.no\/de\/wp-json\/wp\/v2\/users\/2"}],"replies":[{"embeddable":true,"href":"https:\/\/sagastad.no\/de\/wp-json\/wp\/v2\/comments?post=3984"}],"version-history":[{"count":0,"href":"https:\/\/sagastad.no\/de\/wp-json\/wp\/v2\/pages\/3984\/revisions"}],"wp:attachment":[{"href":"https:\/\/sagastad.no\/de\/wp-json\/wp\/v2\/media?parent=3984"}],"curies":[{"name":"wp","href":"https:\/\/api.w.org\/{rel}","templated":true}]}}