{"id":3980,"date":"2021-05-02T19:02:06","date_gmt":"2021-05-02T17:02:06","guid":{"rendered":"http:\/\/sagastad.no\/fuer-gruppen\/wikinger-mahlzeit\/"},"modified":"2025-07-03T10:35:30","modified_gmt":"2025-07-03T08:35:30","slug":"wikinger-mahlzeit","status":"publish","type":"page","link":"https:\/\/sagastad.no\/de\/fuer-gruppen\/wikinger-mahlzeit\/","title":{"rendered":"Wikinger-mahlzeit"},"content":{"rendered":"\t\t<div data-elementor-type=\"wp-page\" data-elementor-id=\"3980\" class=\"elementor elementor-3980\" data-elementor-post-type=\"page\">\n\t\t\t\t\t\t<section class=\"elementor-section elementor-top-section elementor-element elementor-element-1ffeb86d elementor-section-boxed elementor-section-height-default elementor-section-height-default\" data-id=\"1ffeb86d\" data-element_type=\"section\" data-e-type=\"section\">\n\t\t\t\t\t\t<div class=\"elementor-container elementor-column-gap-default\">\n\t\t\t\t\t<div class=\"elementor-column elementor-col-33 elementor-top-column elementor-element elementor-element-35431a56 elementor-hidden-phone\" data-id=\"35431a56\" data-element_type=\"column\" data-e-type=\"column\">\n\t\t\t<div class=\"elementor-widget-wrap elementor-element-populated\">\n\t\t\t\t\t\t<div class=\"elementor-element elementor-element-1ae8d59 elementor-widget elementor-widget-global elementor-global-4861 elementor-global-2875 elementor-widget-button\" data-id=\"1ae8d59\" data-element_type=\"widget\" data-e-type=\"widget\" data-widget_type=\"button.default\">\n\t\t\t\t<div class=\"elementor-widget-container\">\n\t\t\t\t\t\t\t\t\t<div class=\"elementor-button-wrapper\">\n\t\t\t\t\t<a class=\"elementor-button elementor-button-link elementor-size-xs\" href=\"https:\/\/booking.sagastad.no\/en\/todo\" target=\"_blank\">\n\t\t\t\t\t\t<span class=\"elementor-button-content-wrapper\">\n\t\t\t\t\t\t\t\t\t<span class=\"elementor-button-text\">Ticket kaufen<\/span>\n\t\t\t\t\t<\/span>\n\t\t\t\t\t<\/a>\n\t\t\t\t<\/div>\n\t\t\t\t\t\t\t\t<\/div>\n\t\t\t\t<\/div>\n\t\t\t\t<div class=\"elementor-element elementor-element-30d8fb35 elementor-nav-menu__align-start elementor-nav-menu--dropdown-none elementor-widget elementor-widget-nav-menu\" data-id=\"30d8fb35\" data-element_type=\"widget\" data-e-type=\"widget\" data-settings=\"{&quot;layout&quot;:&quot;vertical&quot;,&quot;submenu_icon&quot;:{&quot;value&quot;:&quot;&lt;i class=\\&quot;fas fa-chevron-down\\&quot; aria-hidden=\\&quot;true\\&quot;&gt;&lt;\\\/i&gt;&quot;,&quot;library&quot;:&quot;fa-solid&quot;}}\" data-widget_type=\"nav-menu.default\">\n\t\t\t\t<div class=\"elementor-widget-container\">\n\t\t\t\t\t\t\t\t<nav aria-label=\"Meny\" class=\"elementor-nav-menu--main elementor-nav-menu__container elementor-nav-menu--layout-vertical e--pointer-none\">\n\t\t\t\t<ul id=\"menu-1-30d8fb35\" class=\"elementor-nav-menu sm-vertical\"><li class=\"menu-item menu-item-type-post_type menu-item-object-page menu-item-4154\"><a href=\"https:\/\/sagastad.no\/de\/fuer-gruppen\/touren\/\" class=\"elementor-item\">Touren<\/a><\/li>\n<\/ul>\t\t\t<\/nav>\n\t\t\t\t\t\t<nav class=\"elementor-nav-menu--dropdown elementor-nav-menu__container\" aria-hidden=\"true\">\n\t\t\t\t<ul id=\"menu-2-30d8fb35\" class=\"elementor-nav-menu sm-vertical\"><li class=\"menu-item menu-item-type-post_type menu-item-object-page menu-item-4154\"><a href=\"https:\/\/sagastad.no\/de\/fuer-gruppen\/touren\/\" class=\"elementor-item\" tabindex=\"-1\">Touren<\/a><\/li>\n<\/ul>\t\t\t<\/nav>\n\t\t\t\t\t\t<\/div>\n\t\t\t\t<\/div>\n\t\t\t\t\t<\/div>\n\t\t<\/div>\n\t\t\t\t<div class=\"elementor-column elementor-col-66 elementor-top-column elementor-element elementor-element-2f648a71\" data-id=\"2f648a71\" data-element_type=\"column\" data-e-type=\"column\">\n\t\t\t<div class=\"elementor-widget-wrap elementor-element-populated\">\n\t\t\t\t\t\t<div class=\"elementor-element elementor-element-6e94a8fa elementor-widget elementor-widget-text-editor\" data-id=\"6e94a8fa\" data-element_type=\"widget\" data-e-type=\"widget\" data-widget_type=\"text-editor.default\">\n\t\t\t\t<div class=\"elementor-widget-container\">\n\t\t\t\t\t\t\t\t\t<h3 style=\"line-height: 115%; background: white;\"><span lang=\"de\" style=\"font-size: 10.0pt; line-height: 115%; font-family: 'Arial',sans-serif; color: #201f1e;\">Wenn Sie im Sagastad essen gehen, k\u00f6nnen Sie wie ein Wikinger essen! Gemeinsam mit unseren Lieferanten haben wir unsere eigene Speisekarte f\u00fcr kleine und gro\u00dfe Mahlzeiten in sch\u00f6ner Umgebung entwickelt.<\/span><\/h3>\n\t\t\t\t\t\t\t\t<\/div>\n\t\t\t\t<\/div>\n\t\t\t\t<div class=\"elementor-element elementor-element-1f3b1cf7 elementor-widget__width-initial elementor-widget-tablet__width-inherit elementor-widget-mobile__width-inherit elementor-widget elementor-widget-image\" data-id=\"1f3b1cf7\" data-element_type=\"widget\" data-e-type=\"widget\" data-widget_type=\"image.default\">\n\t\t\t\t<div class=\"elementor-widget-container\">\n\t\t\t\t\t\t\t\t\t\t\t\t<figure class=\"wp-caption\">\n\t\t\t\t\t\t\t\t\t\t<img fetchpriority=\"high\" decoding=\"async\" width=\"518\" height=\"666\" src=\"https:\/\/sagastad.no\/wp-content\/uploads\/2021\/05\/14-vikingma\u030altid-518x666.jpg\" class=\"attachment-large size-large wp-image-3917\" alt=\"Vikingma\u030altid\" srcset=\"https:\/\/sagastad.no\/wp-content\/uploads\/2021\/05\/14-vikingma\u030altid-518x666.jpg 518w, https:\/\/sagastad.no\/wp-content\/uploads\/2021\/05\/14-vikingma\u030altid-311x400.jpg 311w, https:\/\/sagastad.no\/wp-content\/uploads\/2021\/05\/14-vikingma\u030altid.jpg 700w\" sizes=\"(max-width: 518px) 100vw, 518px\" \/>\t\t\t\t\t\t\t\t\t\t\t<figcaption class=\"widget-image-caption wp-caption-text\"><\/figcaption>\n\t\t\t\t\t\t\t\t\t\t<\/figure>\n\t\t\t\t\t\t\t\t\t<\/div>\n\t\t\t\t<\/div>\n\t\t\t\t<div class=\"elementor-element elementor-element-2d1d3df6 elementor-widget__width-initial elementor-widget-tablet__width-inherit elementor-widget elementor-widget-text-editor\" data-id=\"2d1d3df6\" data-element_type=\"widget\" data-e-type=\"widget\" data-widget_type=\"text-editor.default\">\n\t\t\t\t<div class=\"elementor-widget-container\">\n\t\t\t\t\t\t\t\t\t<p>Ein Wikingeressen in Sagastad konzentriert sich auf Zutaten, die man zu Wikingerzeiten hatte. Mit dem Myklebust-Schiff als \u201eKulisse\u201d und der Geschichte des Wikingerk\u00f6nigs und seines Schiffes als Aperitif laden Sie zu einer Verkostungsreise zur\u00fcck in die Wikingerzeit ein.<\/p>\n<p>Odins Wikinger-Tapas enthalten eine gro\u00dfe Auswahl an Zutaten und Geschm\u00e4cker und eine andere Mahlzeit ist garantiert.<\/p>\n<p>Sie k\u00f6nnen auch die Fleischsuppe von Tor oder die Fischcr\u00e8mesuppe von Walk\u00fcren w\u00e4hlen. Wir k\u00f6nnen auch mit einem Wildeintopf Audbj\u00f8rn, Lammschenkel Vemund oder Die <em>S\u00e6rimne<\/em> Schweinshaxe verf\u00fchren. Die Wikinger mochten S\u00fc\u00dfigkeiten sehr. Wir haben Zaubercr\u00e8mek\u00f6nigin Ingerid, hausgemachten Apfelkuchen Idun oder Dessert mit Beeren \u00e0 la Fr\u00f8y.<\/p>\n<p>Relevante Zutaten sind Fisch, Lamm, Hirsch, Wurzelgem\u00fcse, Kr\u00e4uter, Takkebrot \u2013 Norwegisches Fladenbrot vom offenen Eisen, Obst, Beeren, Milch, Rahm und vieles mehr.<\/p>\n<p>Wikingeressen kann f\u00fcr Feierlichkeiten und andere Veranstaltungen bestellt werden. Wir empfehlen, solche Veranstaltungen fr\u00fchzeitig zu planen. Wenn f\u00fcr die Veranstaltung eine Ausschanklizenz ben\u00f6tigt wird, muss diese rechtzeitig \u00fcber uns beantragt werden. Bitte beachten Sie, dass eine fr\u00fchzeitige Anmeldung erforderlich ist. Fragen Sie uns auch gern nach schmackhaften alkoholfreien Alternativen! Zus\u00e4tzlich zum Preis f\u00fcr Essen und Verpflegung wird eine Miete verrechnet.<\/p>\n\t\t\t\t\t\t\t\t<\/div>\n\t\t\t\t<\/div>\n\t\t\t\t\t<\/div>\n\t\t<\/div>\n\t\t\t\t\t<\/div>\n\t\t<\/section>\n\t\t\t\t<\/div>\n\t\t","protected":false},"excerpt":{"rendered":"<p>Kj\u00f8p billett Wenn Sie im Sagastad essen gehen, k\u00f6nnen Sie wie ein Wikinger essen! Gemeinsam mit unseren Lieferanten haben wir unsere eigene Speisekarte f\u00fcr kleine und gro\u00dfe Mahlzeiten in sch\u00f6ner Umgebung entwickelt. Ein Wikingeressen in Sagastad konzentriert sich auf Zutaten, die man zu Wikingerzeiten hatte. Mit dem Myklebust-Schiff als \u201eKulisse\u201d und der Geschichte des Wikingerk\u00f6nigs [&hellip;]<\/p>\n","protected":false},"author":2,"featured_media":0,"parent":3973,"menu_order":0,"comment_status":"closed","ping_status":"closed","template":"","meta":{"iawp_total_views":187,"footnotes":""},"class_list":["post-3980","page","type-page","status-publish","hentry"],"yoast_head":"<!-- This site is optimized with the Yoast SEO plugin v27.3 - https:\/\/yoast.com\/product\/yoast-seo-wordpress\/ -->\n<title>Wikinger-mahlzeit - Sagastad<\/title>\n<meta name=\"robots\" content=\"index, follow, max-snippet:-1, max-image-preview:large, max-video-preview:-1\" \/>\n<link rel=\"canonical\" href=\"https:\/\/sagastad.no\/de\/fuer-gruppen\/wikinger-mahlzeit\/\" \/>\n<meta property=\"og:locale\" content=\"de_DE\" \/>\n<meta property=\"og:type\" content=\"article\" \/>\n<meta property=\"og:title\" content=\"Wikinger-mahlzeit - Sagastad\" \/>\n<meta property=\"og:description\" content=\"Kj\u00f8p billett Wenn Sie im Sagastad essen gehen, k\u00f6nnen Sie wie ein Wikinger essen! Gemeinsam mit unseren Lieferanten haben wir unsere eigene Speisekarte f\u00fcr kleine und gro\u00dfe Mahlzeiten in sch\u00f6ner Umgebung entwickelt. Ein Wikingeressen in Sagastad konzentriert sich auf Zutaten, die man zu Wikingerzeiten hatte. Mit dem Myklebust-Schiff als \u201eKulisse\u201d und der Geschichte des Wikingerk\u00f6nigs [&hellip;]\" \/>\n<meta property=\"og:url\" content=\"https:\/\/sagastad.no\/de\/fuer-gruppen\/wikinger-mahlzeit\/\" \/>\n<meta property=\"og:site_name\" content=\"Sagastad\" \/>\n<meta property=\"article:modified_time\" content=\"2025-07-03T08:35:30+00:00\" \/>\n<meta name=\"twitter:card\" content=\"summary_large_image\" \/>\n<meta name=\"twitter:label1\" content=\"Gesch\u00e4tzte Lesezeit\" \/>\n\t<meta name=\"twitter:data1\" content=\"1 Minute\" \/>\n<script type=\"application\/ld+json\" class=\"yoast-schema-graph\">{\"@context\":\"https:\\\/\\\/schema.org\",\"@graph\":[{\"@type\":\"WebPage\",\"@id\":\"https:\\\/\\\/sagastad.no\\\/de\\\/fuer-gruppen\\\/wikinger-mahlzeit\\\/\",\"url\":\"https:\\\/\\\/sagastad.no\\\/de\\\/fuer-gruppen\\\/wikinger-mahlzeit\\\/\",\"name\":\"Wikinger-mahlzeit - Sagastad\",\"isPartOf\":{\"@id\":\"https:\\\/\\\/sagastad.no\\\/de\\\/#website\"},\"datePublished\":\"2021-05-02T17:02:06+00:00\",\"dateModified\":\"2025-07-03T08:35:30+00:00\",\"breadcrumb\":{\"@id\":\"https:\\\/\\\/sagastad.no\\\/de\\\/fuer-gruppen\\\/wikinger-mahlzeit\\\/#breadcrumb\"},\"inLanguage\":\"de-DE\",\"potentialAction\":[{\"@type\":\"ReadAction\",\"target\":[\"https:\\\/\\\/sagastad.no\\\/de\\\/fuer-gruppen\\\/wikinger-mahlzeit\\\/\"]}]},{\"@type\":\"BreadcrumbList\",\"@id\":\"https:\\\/\\\/sagastad.no\\\/de\\\/fuer-gruppen\\\/wikinger-mahlzeit\\\/#breadcrumb\",\"itemListElement\":[{\"@type\":\"ListItem\",\"position\":1,\"name\":\"Hjem\",\"item\":\"https:\\\/\\\/sagastad.no\\\/de\\\/\"},{\"@type\":\"ListItem\",\"position\":2,\"name\":\"F\u00fcr Gruppen\",\"item\":\"https:\\\/\\\/sagastad.no\\\/de\\\/fuer-gruppen\\\/\"},{\"@type\":\"ListItem\",\"position\":3,\"name\":\"Wikinger-mahlzeit\"}]},{\"@type\":\"WebSite\",\"@id\":\"https:\\\/\\\/sagastad.no\\\/de\\\/#website\",\"url\":\"https:\\\/\\\/sagastad.no\\\/de\\\/\",\"name\":\"Sagastad\",\"description\":\"Explore the Viking Saga\",\"publisher\":{\"@id\":\"https:\\\/\\\/sagastad.no\\\/de\\\/#organization\"},\"potentialAction\":[{\"@type\":\"SearchAction\",\"target\":{\"@type\":\"EntryPoint\",\"urlTemplate\":\"https:\\\/\\\/sagastad.no\\\/de\\\/?s={search_term_string}\"},\"query-input\":{\"@type\":\"PropertyValueSpecification\",\"valueRequired\":true,\"valueName\":\"search_term_string\"}}],\"inLanguage\":\"de-DE\"},{\"@type\":\"Organization\",\"@id\":\"https:\\\/\\\/sagastad.no\\\/de\\\/#organization\",\"name\":\"Sagastad\",\"url\":\"https:\\\/\\\/sagastad.no\\\/de\\\/\",\"logo\":{\"@type\":\"ImageObject\",\"inLanguage\":\"de-DE\",\"@id\":\"https:\\\/\\\/sagastad.no\\\/de\\\/#\\\/schema\\\/logo\\\/image\\\/\",\"url\":\"https:\\\/\\\/sagastad.no\\\/wp-content\\\/uploads\\\/2018\\\/10\\\/SAGASTAD_LOGO.svg\",\"contentUrl\":\"https:\\\/\\\/sagastad.no\\\/wp-content\\\/uploads\\\/2018\\\/10\\\/SAGASTAD_LOGO.svg\",\"caption\":\"Sagastad\"},\"image\":{\"@id\":\"https:\\\/\\\/sagastad.no\\\/de\\\/#\\\/schema\\\/logo\\\/image\\\/\"}}]}<\/script>\n<!-- \/ Yoast SEO plugin. -->","yoast_head_json":{"title":"Wikinger-mahlzeit - Sagastad","robots":{"index":"index","follow":"follow","max-snippet":"max-snippet:-1","max-image-preview":"max-image-preview:large","max-video-preview":"max-video-preview:-1"},"canonical":"https:\/\/sagastad.no\/de\/fuer-gruppen\/wikinger-mahlzeit\/","og_locale":"de_DE","og_type":"article","og_title":"Wikinger-mahlzeit - Sagastad","og_description":"Kj\u00f8p billett Wenn Sie im Sagastad essen gehen, k\u00f6nnen Sie wie ein Wikinger essen! Gemeinsam mit unseren Lieferanten haben wir unsere eigene Speisekarte f\u00fcr kleine und gro\u00dfe Mahlzeiten in sch\u00f6ner Umgebung entwickelt. Ein Wikingeressen in Sagastad konzentriert sich auf Zutaten, die man zu Wikingerzeiten hatte. Mit dem Myklebust-Schiff als \u201eKulisse\u201d und der Geschichte des Wikingerk\u00f6nigs [&hellip;]","og_url":"https:\/\/sagastad.no\/de\/fuer-gruppen\/wikinger-mahlzeit\/","og_site_name":"Sagastad","article_modified_time":"2025-07-03T08:35:30+00:00","twitter_card":"summary_large_image","twitter_misc":{"Gesch\u00e4tzte Lesezeit":"1 Minute"},"schema":{"@context":"https:\/\/schema.org","@graph":[{"@type":"WebPage","@id":"https:\/\/sagastad.no\/de\/fuer-gruppen\/wikinger-mahlzeit\/","url":"https:\/\/sagastad.no\/de\/fuer-gruppen\/wikinger-mahlzeit\/","name":"Wikinger-mahlzeit - Sagastad","isPartOf":{"@id":"https:\/\/sagastad.no\/de\/#website"},"datePublished":"2021-05-02T17:02:06+00:00","dateModified":"2025-07-03T08:35:30+00:00","breadcrumb":{"@id":"https:\/\/sagastad.no\/de\/fuer-gruppen\/wikinger-mahlzeit\/#breadcrumb"},"inLanguage":"de-DE","potentialAction":[{"@type":"ReadAction","target":["https:\/\/sagastad.no\/de\/fuer-gruppen\/wikinger-mahlzeit\/"]}]},{"@type":"BreadcrumbList","@id":"https:\/\/sagastad.no\/de\/fuer-gruppen\/wikinger-mahlzeit\/#breadcrumb","itemListElement":[{"@type":"ListItem","position":1,"name":"Hjem","item":"https:\/\/sagastad.no\/de\/"},{"@type":"ListItem","position":2,"name":"F\u00fcr Gruppen","item":"https:\/\/sagastad.no\/de\/fuer-gruppen\/"},{"@type":"ListItem","position":3,"name":"Wikinger-mahlzeit"}]},{"@type":"WebSite","@id":"https:\/\/sagastad.no\/de\/#website","url":"https:\/\/sagastad.no\/de\/","name":"Sagastad","description":"Explore the Viking Saga","publisher":{"@id":"https:\/\/sagastad.no\/de\/#organization"},"potentialAction":[{"@type":"SearchAction","target":{"@type":"EntryPoint","urlTemplate":"https:\/\/sagastad.no\/de\/?s={search_term_string}"},"query-input":{"@type":"PropertyValueSpecification","valueRequired":true,"valueName":"search_term_string"}}],"inLanguage":"de-DE"},{"@type":"Organization","@id":"https:\/\/sagastad.no\/de\/#organization","name":"Sagastad","url":"https:\/\/sagastad.no\/de\/","logo":{"@type":"ImageObject","inLanguage":"de-DE","@id":"https:\/\/sagastad.no\/de\/#\/schema\/logo\/image\/","url":"https:\/\/sagastad.no\/wp-content\/uploads\/2018\/10\/SAGASTAD_LOGO.svg","contentUrl":"https:\/\/sagastad.no\/wp-content\/uploads\/2018\/10\/SAGASTAD_LOGO.svg","caption":"Sagastad"},"image":{"@id":"https:\/\/sagastad.no\/de\/#\/schema\/logo\/image\/"}}]}},"_links":{"self":[{"href":"https:\/\/sagastad.no\/de\/wp-json\/wp\/v2\/pages\/3980","targetHints":{"allow":["GET"]}}],"collection":[{"href":"https:\/\/sagastad.no\/de\/wp-json\/wp\/v2\/pages"}],"about":[{"href":"https:\/\/sagastad.no\/de\/wp-json\/wp\/v2\/types\/page"}],"author":[{"embeddable":true,"href":"https:\/\/sagastad.no\/de\/wp-json\/wp\/v2\/users\/2"}],"replies":[{"embeddable":true,"href":"https:\/\/sagastad.no\/de\/wp-json\/wp\/v2\/comments?post=3980"}],"version-history":[{"count":0,"href":"https:\/\/sagastad.no\/de\/wp-json\/wp\/v2\/pages\/3980\/revisions"}],"up":[{"embeddable":true,"href":"https:\/\/sagastad.no\/de\/wp-json\/wp\/v2\/pages\/3973"}],"wp:attachment":[{"href":"https:\/\/sagastad.no\/de\/wp-json\/wp\/v2\/media?parent=3980"}],"curies":[{"name":"wp","href":"https:\/\/api.w.org\/{rel}","templated":true}]}}