{"id":3963,"date":"2021-05-02T18:58:32","date_gmt":"2021-05-02T16:58:32","guid":{"rendered":"http:\/\/sagastad.no\/akademie\/"},"modified":"2022-03-31T15:56:35","modified_gmt":"2022-03-31T13:56:35","slug":"akademie","status":"publish","type":"page","link":"https:\/\/sagastad.no\/de\/erlebnisse\/akademie\/","title":{"rendered":"Akademie"},"content":{"rendered":"\t\t<div data-elementor-type=\"wp-page\" data-elementor-id=\"3963\" class=\"elementor elementor-3963 elementor-2225\" data-elementor-post-type=\"page\">\n\t\t\t\t\t\t<section class=\"elementor-section elementor-top-section elementor-element elementor-element-63364d01 elementor-section-boxed elementor-section-height-default elementor-section-height-default\" data-id=\"63364d01\" data-element_type=\"section\" data-e-type=\"section\">\n\t\t\t\t\t\t<div class=\"elementor-container elementor-column-gap-default\">\n\t\t\t\t\t<div class=\"elementor-column elementor-col-33 elementor-top-column elementor-element elementor-element-753cc68c elementor-hidden-phone\" data-id=\"753cc68c\" data-element_type=\"column\" data-e-type=\"column\">\n\t\t\t<div class=\"elementor-widget-wrap elementor-element-populated\">\n\t\t\t\t\t\t<div class=\"elementor-element elementor-element-1782d14 elementor-widget elementor-widget-global elementor-global-4861 elementor-global-2875 elementor-widget-button\" data-id=\"1782d14\" data-element_type=\"widget\" data-e-type=\"widget\" data-widget_type=\"button.default\">\n\t\t\t\t<div class=\"elementor-widget-container\">\n\t\t\t\t\t\t\t\t\t<div class=\"elementor-button-wrapper\">\n\t\t\t\t\t<a class=\"elementor-button elementor-button-link elementor-size-xs\" href=\"https:\/\/booking.sagastad.no\/en\/todo\" target=\"_blank\">\n\t\t\t\t\t\t<span class=\"elementor-button-content-wrapper\">\n\t\t\t\t\t\t\t\t\t<span class=\"elementor-button-text\">Ticket kaufen<\/span>\n\t\t\t\t\t<\/span>\n\t\t\t\t\t<\/a>\n\t\t\t\t<\/div>\n\t\t\t\t\t\t\t\t<\/div>\n\t\t\t\t<\/div>\n\t\t\t\t<div class=\"elementor-element elementor-element-675beb34 elementor-nav-menu__align-start elementor-nav-menu--dropdown-none elementor-widget elementor-widget-nav-menu\" data-id=\"675beb34\" data-element_type=\"widget\" data-e-type=\"widget\" data-settings=\"{&quot;layout&quot;:&quot;vertical&quot;,&quot;submenu_icon&quot;:{&quot;value&quot;:&quot;&lt;i class=\\&quot;fas fa-chevron-down\\&quot; aria-hidden=\\&quot;true\\&quot;&gt;&lt;\\\/i&gt;&quot;,&quot;library&quot;:&quot;fa-solid&quot;}}\" data-widget_type=\"nav-menu.default\">\n\t\t\t\t<div class=\"elementor-widget-container\">\n\t\t\t\t\t\t\t\t<nav aria-label=\"Men\u00fc\" class=\"elementor-nav-menu--main elementor-nav-menu__container elementor-nav-menu--layout-vertical e--pointer-none\">\n\t\t\t\t<ul id=\"menu-1-675beb34\" class=\"elementor-nav-menu sm-vertical\"><li class=\"menu-item menu-item-type-post_type menu-item-object-page menu-item-4162\"><a href=\"https:\/\/sagastad.no\/de\/erlebnisse\/die-ausstellung\/\" class=\"elementor-item\">Die Ausstellung<\/a><\/li>\n<li class=\"menu-item menu-item-type-post_type menu-item-object-page menu-item-4163\"><a href=\"https:\/\/sagastad.no\/de\/erlebnisse\/kino\/\" class=\"elementor-item\">Kino<\/a><\/li>\n<li class=\"menu-item menu-item-type-post_type menu-item-object-page menu-item-4164\"><a href=\"https:\/\/sagastad.no\/de\/erlebnisse\/vr\/\" class=\"elementor-item\">VR<\/a><\/li>\n<li class=\"menu-item menu-item-type-post_type menu-item-object-page menu-item-4165\"><a href=\"https:\/\/sagastad.no\/de\/erlebnisse\/museumsshop\/\" class=\"elementor-item\">Museumsshop<\/a><\/li>\n<li class=\"menu-item menu-item-type-post_type menu-item-object-page menu-item-4166\"><a href=\"https:\/\/sagastad.no\/de\/erlebnisse\/akademie\/\" class=\"elementor-item\">Akademie<\/a><\/li>\n<li class=\"menu-item menu-item-type-post_type menu-item-object-page menu-item-4167\"><a href=\"https:\/\/sagastad.no\/de\/erlebnisse\/konzert\/\" class=\"elementor-item\">Konzert<\/a><\/li>\n<li class=\"menu-item menu-item-type-post_type menu-item-object-page menu-item-4169\"><a href=\"https:\/\/sagastad.no\/de\/erlebnisse\/feierliche-anlaesse\/\" class=\"elementor-item\">Feierliche Anl\u00e4sse<\/a><\/li>\n<\/ul>\t\t\t<\/nav>\n\t\t\t\t\t\t<nav class=\"elementor-nav-menu--dropdown elementor-nav-menu__container\" aria-hidden=\"true\">\n\t\t\t\t<ul id=\"menu-2-675beb34\" class=\"elementor-nav-menu sm-vertical\"><li class=\"menu-item menu-item-type-post_type menu-item-object-page menu-item-4162\"><a href=\"https:\/\/sagastad.no\/de\/erlebnisse\/die-ausstellung\/\" class=\"elementor-item\" tabindex=\"-1\">Die Ausstellung<\/a><\/li>\n<li class=\"menu-item menu-item-type-post_type menu-item-object-page menu-item-4163\"><a href=\"https:\/\/sagastad.no\/de\/erlebnisse\/kino\/\" class=\"elementor-item\" tabindex=\"-1\">Kino<\/a><\/li>\n<li class=\"menu-item menu-item-type-post_type menu-item-object-page menu-item-4164\"><a href=\"https:\/\/sagastad.no\/de\/erlebnisse\/vr\/\" class=\"elementor-item\" tabindex=\"-1\">VR<\/a><\/li>\n<li class=\"menu-item menu-item-type-post_type menu-item-object-page menu-item-4165\"><a href=\"https:\/\/sagastad.no\/de\/erlebnisse\/museumsshop\/\" class=\"elementor-item\" tabindex=\"-1\">Museumsshop<\/a><\/li>\n<li class=\"menu-item menu-item-type-post_type menu-item-object-page menu-item-4166\"><a href=\"https:\/\/sagastad.no\/de\/erlebnisse\/akademie\/\" class=\"elementor-item\" tabindex=\"-1\">Akademie<\/a><\/li>\n<li class=\"menu-item menu-item-type-post_type menu-item-object-page menu-item-4167\"><a href=\"https:\/\/sagastad.no\/de\/erlebnisse\/konzert\/\" class=\"elementor-item\" tabindex=\"-1\">Konzert<\/a><\/li>\n<li class=\"menu-item menu-item-type-post_type menu-item-object-page menu-item-4169\"><a href=\"https:\/\/sagastad.no\/de\/erlebnisse\/feierliche-anlaesse\/\" class=\"elementor-item\" tabindex=\"-1\">Feierliche Anl\u00e4sse<\/a><\/li>\n<\/ul>\t\t\t<\/nav>\n\t\t\t\t\t\t<\/div>\n\t\t\t\t<\/div>\n\t\t\t\t\t<\/div>\n\t\t<\/div>\n\t\t\t\t<div class=\"elementor-column elementor-col-66 elementor-top-column elementor-element elementor-element-400a359e\" data-id=\"400a359e\" data-element_type=\"column\" data-e-type=\"column\">\n\t\t\t<div class=\"elementor-widget-wrap elementor-element-populated\">\n\t\t\t\t\t\t<div class=\"elementor-element elementor-element-175ca06c elementor-widget elementor-widget-text-editor\" data-id=\"175ca06c\" data-element_type=\"widget\" data-e-type=\"widget\" data-widget_type=\"text-editor.default\">\n\t\t\t\t<div class=\"elementor-widget-container\">\n\t\t\t\t\t\t\t\t\t<p>Als Wissenszentrum ist es Sagastad wichtig, Wissen sowohl \u00fcber die Wikingerzeit als auch \u00fcber andere aktuelle Themen anzubieten. Unser Ziel ist es, das ganze Jahr \u00fcber eine Reihe interessanter Vortr\u00e4ge, Kurse und Versammlungen anzubieten.<\/p>\n\t\t\t\t\t\t\t\t<\/div>\n\t\t\t\t<\/div>\n\t\t\t\t<div class=\"elementor-element elementor-element-9afbb6c elementor-widget elementor-widget-image\" data-id=\"9afbb6c\" data-element_type=\"widget\" data-e-type=\"widget\" data-widget_type=\"image.default\">\n\t\t\t\t<div class=\"elementor-widget-container\">\n\t\t\t\t\t\t\t\t\t\t\t\t\t\t\t<img fetchpriority=\"high\" decoding=\"async\" width=\"1000\" height=\"584\" src=\"https:\/\/sagastad.no\/wp-content\/uploads\/2021\/05\/08-akademi-1000x584.jpg\" class=\"attachment-large size-large wp-image-3891\" alt=\"Akademi\" srcset=\"https:\/\/sagastad.no\/wp-content\/uploads\/2021\/05\/08-akademi-1000x584.jpg 1000w, https:\/\/sagastad.no\/wp-content\/uploads\/2021\/05\/08-akademi-600x350.jpg 600w, https:\/\/sagastad.no\/wp-content\/uploads\/2021\/05\/08-akademi-768x449.jpg 768w, https:\/\/sagastad.no\/wp-content\/uploads\/2021\/05\/08-akademi.jpg 1250w\" sizes=\"(max-width: 1000px) 100vw, 1000px\" \/>\t\t\t\t\t\t\t\t\t\t\t\t\t\t\t<\/div>\n\t\t\t\t<\/div>\n\t\t\t\t<div class=\"elementor-element elementor-element-3dd66a24 elementor-widget__width-inherit elementor-widget-tablet__width-inherit elementor-widget elementor-widget-text-editor\" data-id=\"3dd66a24\" data-element_type=\"widget\" data-e-type=\"widget\" data-widget_type=\"text-editor.default\">\n\t\t\t\t<div class=\"elementor-widget-container\">\n\t\t\t\t\t\t\t\t\t<p>Die Ausstellung in Sagastad wurde in Zusammenarbeit mit der Universit\u00e4t Bergen und dem Mittelalter-Cluster entwickelt und beh\u00e4lt somit ein hohes professionelles Niveau bei. Es ist ein Ziel, dass ein Besuch des Zentrums Staunen hervorruft und den Wunsch weckt, mehr zu wissen. Daher ist es wichtig, Veranstaltungen zu schaffen, die die Bindungen zwischen Sagastad, der Universit\u00e4t und der Forschungsgemeinschaft sowie anderen Gruppen st\u00e4rken, die Wissen und Handwerk verbreiten k\u00f6nnen. Unsere Vision ist eine Symbiose, in der alle durch Freude und Inspiration voneinander profitieren k\u00f6nnen.<\/p>\n<p>&nbsp;<\/p>\n<p>Academy-Veranstaltungen k\u00f6nnen von Einheimischen mit speziellen Kenntnissen oder Interessen bis hin zu bekannten Namen in der Forschungsgemeinschaft durchgef\u00fchrt werden. M\u00f6chten Sie mehr \u00fcber die Mythologie und Rituale der Wikinger erfahren, oder interessieren Sie sich daf\u00fcr, wie sie Kleidung herstellten und was sie t\u00e4glich taten? Falls es ein Thema gibt, das Sie ansprechen m\u00f6chten, oder eine Person, die Sie als Redner haben m\u00f6chten, k\u00f6nnen Sie uns gerne einen Hinweis zukommen lassen! Geplante Veranstaltungen finden Sie unter aktuell. Folgen Sie uns auf Facebook, um benachrichtigt zu werden, wenn wir neue Veranstaltungen planen.<\/p>\n\t\t\t\t\t\t\t\t<\/div>\n\t\t\t\t<\/div>\n\t\t\t\t<div class=\"elementor-element elementor-element-4aaa5b9 elementor-widget elementor-widget-image\" data-id=\"4aaa5b9\" data-element_type=\"widget\" data-e-type=\"widget\" data-widget_type=\"image.default\">\n\t\t\t\t<div class=\"elementor-widget-container\">\n\t\t\t\t\t\t\t\t\t\t\t\t\t\t\t<img decoding=\"async\" width=\"1000\" height=\"584\" data-src=\"https:\/\/sagastad.no\/wp-content\/uploads\/2021\/05\/08-akademi-Ulf-R-A-1000x584.jpg\" class=\"attachment-large size-large wp-image-3892 lazyload\" alt=\"Akademi\" data-srcset=\"https:\/\/sagastad.no\/wp-content\/uploads\/2021\/05\/08-akademi-Ulf-R-A-1000x584.jpg 1000w, https:\/\/sagastad.no\/wp-content\/uploads\/2021\/05\/08-akademi-Ulf-R-A-600x350.jpg 600w, https:\/\/sagastad.no\/wp-content\/uploads\/2021\/05\/08-akademi-Ulf-R-A-768x449.jpg 768w, https:\/\/sagastad.no\/wp-content\/uploads\/2021\/05\/08-akademi-Ulf-R-A.jpg 1250w\" data-sizes=\"(max-width: 1000px) 100vw, 1000px\" src=\"data:image\/svg+xml;base64,PHN2ZyB3aWR0aD0iMSIgaGVpZ2h0PSIxIiB4bWxucz0iaHR0cDovL3d3dy53My5vcmcvMjAwMC9zdmciPjwvc3ZnPg==\" style=\"--smush-placeholder-width: 1000px; --smush-placeholder-aspect-ratio: 1000\/584;\" \/>\t\t\t\t\t\t\t\t\t\t\t\t\t\t\t<\/div>\n\t\t\t\t<\/div>\n\t\t\t\t\t<\/div>\n\t\t<\/div>\n\t\t\t\t\t<\/div>\n\t\t<\/section>\n\t\t\t\t<\/div>\n\t\t","protected":false},"excerpt":{"rendered":"<p>Kj\u00f8p billett Als Wissenszentrum ist es Sagastad wichtig, Wissen sowohl \u00fcber die Wikingerzeit als auch \u00fcber andere aktuelle Themen anzubieten. Unser Ziel ist es, das ganze Jahr \u00fcber eine Reihe interessanter Vortr\u00e4ge, Kurse und Versammlungen anzubieten. Die Ausstellung in Sagastad wurde in Zusammenarbeit mit der Universit\u00e4t Bergen und dem Mittelalter-Cluster entwickelt und beh\u00e4lt somit ein [&hellip;]<\/p>\n","protected":false},"author":2,"featured_media":0,"parent":3971,"menu_order":0,"comment_status":"closed","ping_status":"closed","template":"","meta":{"iawp_total_views":66,"footnotes":""},"class_list":["post-3963","page","type-page","status-publish","hentry"],"yoast_head":"<!-- This site is optimized with the Yoast SEO plugin v27.2 - https:\/\/yoast.com\/product\/yoast-seo-wordpress\/ -->\n<title>Akademie - Sagastad<\/title>\n<meta name=\"robots\" content=\"index, follow, max-snippet:-1, max-image-preview:large, max-video-preview:-1\" \/>\n<link rel=\"canonical\" href=\"https:\/\/sagastad.no\/de\/erlebnisse\/akademie\/\" \/>\n<meta property=\"og:locale\" content=\"de_DE\" \/>\n<meta property=\"og:type\" content=\"article\" \/>\n<meta property=\"og:title\" content=\"Akademie - Sagastad\" \/>\n<meta property=\"og:description\" content=\"Kj\u00f8p billett Als Wissenszentrum ist es Sagastad wichtig, Wissen sowohl \u00fcber die Wikingerzeit als auch \u00fcber andere aktuelle Themen anzubieten. Unser Ziel ist es, das ganze Jahr \u00fcber eine Reihe interessanter Vortr\u00e4ge, Kurse und Versammlungen anzubieten. Die Ausstellung in Sagastad wurde in Zusammenarbeit mit der Universit\u00e4t Bergen und dem Mittelalter-Cluster entwickelt und beh\u00e4lt somit ein [&hellip;]\" \/>\n<meta property=\"og:url\" content=\"https:\/\/sagastad.no\/de\/erlebnisse\/akademie\/\" \/>\n<meta property=\"og:site_name\" content=\"Sagastad\" \/>\n<meta property=\"article:modified_time\" content=\"2022-03-31T13:56:35+00:00\" \/>\n<meta property=\"og:image\" content=\"http:\/\/sagastad.no\/wp-content\/uploads\/2021\/05\/08-akademi-1000x584.jpg\" \/>\n<meta name=\"twitter:card\" content=\"summary_large_image\" \/>\n<meta name=\"twitter:label1\" content=\"Gesch\u00e4tzte Lesezeit\" \/>\n\t<meta name=\"twitter:data1\" content=\"1 Minute\" \/>\n<script type=\"application\/ld+json\" class=\"yoast-schema-graph\">{\"@context\":\"https:\/\/schema.org\",\"@graph\":[{\"@type\":\"WebPage\",\"@id\":\"https:\/\/sagastad.no\/de\/erlebnisse\/akademie\/\",\"url\":\"https:\/\/sagastad.no\/de\/erlebnisse\/akademie\/\",\"name\":\"Akademie - Sagastad\",\"isPartOf\":{\"@id\":\"https:\/\/sagastad.no\/de\/#website\"},\"primaryImageOfPage\":{\"@id\":\"https:\/\/sagastad.no\/de\/erlebnisse\/akademie\/#primaryimage\"},\"image\":{\"@id\":\"https:\/\/sagastad.no\/de\/erlebnisse\/akademie\/#primaryimage\"},\"thumbnailUrl\":\"http:\/\/sagastad.no\/wp-content\/uploads\/2021\/05\/08-akademi-1000x584.jpg\",\"datePublished\":\"2021-05-02T16:58:32+00:00\",\"dateModified\":\"2022-03-31T13:56:35+00:00\",\"breadcrumb\":{\"@id\":\"https:\/\/sagastad.no\/de\/erlebnisse\/akademie\/#breadcrumb\"},\"inLanguage\":\"de-DE\",\"potentialAction\":[{\"@type\":\"ReadAction\",\"target\":[\"https:\/\/sagastad.no\/de\/erlebnisse\/akademie\/\"]}]},{\"@type\":\"ImageObject\",\"inLanguage\":\"de-DE\",\"@id\":\"https:\/\/sagastad.no\/de\/erlebnisse\/akademie\/#primaryimage\",\"url\":\"http:\/\/sagastad.no\/wp-content\/uploads\/2021\/05\/08-akademi-1000x584.jpg\",\"contentUrl\":\"http:\/\/sagastad.no\/wp-content\/uploads\/2021\/05\/08-akademi-1000x584.jpg\"},{\"@type\":\"BreadcrumbList\",\"@id\":\"https:\/\/sagastad.no\/de\/erlebnisse\/akademie\/#breadcrumb\",\"itemListElement\":[{\"@type\":\"ListItem\",\"position\":1,\"name\":\"Hjem\",\"item\":\"https:\/\/sagastad.no\/de\/\"},{\"@type\":\"ListItem\",\"position\":2,\"name\":\"Erlebnisse\",\"item\":\"https:\/\/sagastad.no\/de\/erlebnisse\/\"},{\"@type\":\"ListItem\",\"position\":3,\"name\":\"Akademie\"}]},{\"@type\":\"WebSite\",\"@id\":\"https:\/\/sagastad.no\/de\/#website\",\"url\":\"https:\/\/sagastad.no\/de\/\",\"name\":\"Sagastad\",\"description\":\"Explore the Viking Saga\",\"publisher\":{\"@id\":\"https:\/\/sagastad.no\/de\/#organization\"},\"potentialAction\":[{\"@type\":\"SearchAction\",\"target\":{\"@type\":\"EntryPoint\",\"urlTemplate\":\"https:\/\/sagastad.no\/de\/?s={search_term_string}\"},\"query-input\":{\"@type\":\"PropertyValueSpecification\",\"valueRequired\":true,\"valueName\":\"search_term_string\"}}],\"inLanguage\":\"de-DE\"},{\"@type\":\"Organization\",\"@id\":\"https:\/\/sagastad.no\/de\/#organization\",\"name\":\"Sagastad\",\"url\":\"https:\/\/sagastad.no\/de\/\",\"logo\":{\"@type\":\"ImageObject\",\"inLanguage\":\"de-DE\",\"@id\":\"https:\/\/sagastad.no\/de\/#\/schema\/logo\/image\/\",\"url\":\"https:\/\/sagastad.no\/wp-content\/uploads\/2018\/10\/SAGASTAD_LOGO.svg\",\"contentUrl\":\"https:\/\/sagastad.no\/wp-content\/uploads\/2018\/10\/SAGASTAD_LOGO.svg\",\"caption\":\"Sagastad\"},\"image\":{\"@id\":\"https:\/\/sagastad.no\/de\/#\/schema\/logo\/image\/\"}}]}<\/script>\n<!-- \/ Yoast SEO plugin. -->","yoast_head_json":{"title":"Akademie - Sagastad","robots":{"index":"index","follow":"follow","max-snippet":"max-snippet:-1","max-image-preview":"max-image-preview:large","max-video-preview":"max-video-preview:-1"},"canonical":"https:\/\/sagastad.no\/de\/erlebnisse\/akademie\/","og_locale":"de_DE","og_type":"article","og_title":"Akademie - Sagastad","og_description":"Kj\u00f8p billett Als Wissenszentrum ist es Sagastad wichtig, Wissen sowohl \u00fcber die Wikingerzeit als auch \u00fcber andere aktuelle Themen anzubieten. Unser Ziel ist es, das ganze Jahr \u00fcber eine Reihe interessanter Vortr\u00e4ge, Kurse und Versammlungen anzubieten. Die Ausstellung in Sagastad wurde in Zusammenarbeit mit der Universit\u00e4t Bergen und dem Mittelalter-Cluster entwickelt und beh\u00e4lt somit ein [&hellip;]","og_url":"https:\/\/sagastad.no\/de\/erlebnisse\/akademie\/","og_site_name":"Sagastad","article_modified_time":"2022-03-31T13:56:35+00:00","og_image":[{"url":"http:\/\/sagastad.no\/wp-content\/uploads\/2021\/05\/08-akademi-1000x584.jpg","type":"","width":"","height":""}],"twitter_card":"summary_large_image","twitter_misc":{"Gesch\u00e4tzte Lesezeit":"1 Minute"},"schema":{"@context":"https:\/\/schema.org","@graph":[{"@type":"WebPage","@id":"https:\/\/sagastad.no\/de\/erlebnisse\/akademie\/","url":"https:\/\/sagastad.no\/de\/erlebnisse\/akademie\/","name":"Akademie - Sagastad","isPartOf":{"@id":"https:\/\/sagastad.no\/de\/#website"},"primaryImageOfPage":{"@id":"https:\/\/sagastad.no\/de\/erlebnisse\/akademie\/#primaryimage"},"image":{"@id":"https:\/\/sagastad.no\/de\/erlebnisse\/akademie\/#primaryimage"},"thumbnailUrl":"http:\/\/sagastad.no\/wp-content\/uploads\/2021\/05\/08-akademi-1000x584.jpg","datePublished":"2021-05-02T16:58:32+00:00","dateModified":"2022-03-31T13:56:35+00:00","breadcrumb":{"@id":"https:\/\/sagastad.no\/de\/erlebnisse\/akademie\/#breadcrumb"},"inLanguage":"de-DE","potentialAction":[{"@type":"ReadAction","target":["https:\/\/sagastad.no\/de\/erlebnisse\/akademie\/"]}]},{"@type":"ImageObject","inLanguage":"de-DE","@id":"https:\/\/sagastad.no\/de\/erlebnisse\/akademie\/#primaryimage","url":"http:\/\/sagastad.no\/wp-content\/uploads\/2021\/05\/08-akademi-1000x584.jpg","contentUrl":"http:\/\/sagastad.no\/wp-content\/uploads\/2021\/05\/08-akademi-1000x584.jpg"},{"@type":"BreadcrumbList","@id":"https:\/\/sagastad.no\/de\/erlebnisse\/akademie\/#breadcrumb","itemListElement":[{"@type":"ListItem","position":1,"name":"Hjem","item":"https:\/\/sagastad.no\/de\/"},{"@type":"ListItem","position":2,"name":"Erlebnisse","item":"https:\/\/sagastad.no\/de\/erlebnisse\/"},{"@type":"ListItem","position":3,"name":"Akademie"}]},{"@type":"WebSite","@id":"https:\/\/sagastad.no\/de\/#website","url":"https:\/\/sagastad.no\/de\/","name":"Sagastad","description":"Explore the Viking Saga","publisher":{"@id":"https:\/\/sagastad.no\/de\/#organization"},"potentialAction":[{"@type":"SearchAction","target":{"@type":"EntryPoint","urlTemplate":"https:\/\/sagastad.no\/de\/?s={search_term_string}"},"query-input":{"@type":"PropertyValueSpecification","valueRequired":true,"valueName":"search_term_string"}}],"inLanguage":"de-DE"},{"@type":"Organization","@id":"https:\/\/sagastad.no\/de\/#organization","name":"Sagastad","url":"https:\/\/sagastad.no\/de\/","logo":{"@type":"ImageObject","inLanguage":"de-DE","@id":"https:\/\/sagastad.no\/de\/#\/schema\/logo\/image\/","url":"https:\/\/sagastad.no\/wp-content\/uploads\/2018\/10\/SAGASTAD_LOGO.svg","contentUrl":"https:\/\/sagastad.no\/wp-content\/uploads\/2018\/10\/SAGASTAD_LOGO.svg","caption":"Sagastad"},"image":{"@id":"https:\/\/sagastad.no\/de\/#\/schema\/logo\/image\/"}}]}},"_links":{"self":[{"href":"https:\/\/sagastad.no\/de\/wp-json\/wp\/v2\/pages\/3963","targetHints":{"allow":["GET"]}}],"collection":[{"href":"https:\/\/sagastad.no\/de\/wp-json\/wp\/v2\/pages"}],"about":[{"href":"https:\/\/sagastad.no\/de\/wp-json\/wp\/v2\/types\/page"}],"author":[{"embeddable":true,"href":"https:\/\/sagastad.no\/de\/wp-json\/wp\/v2\/users\/2"}],"replies":[{"embeddable":true,"href":"https:\/\/sagastad.no\/de\/wp-json\/wp\/v2\/comments?post=3963"}],"version-history":[{"count":0,"href":"https:\/\/sagastad.no\/de\/wp-json\/wp\/v2\/pages\/3963\/revisions"}],"up":[{"embeddable":true,"href":"https:\/\/sagastad.no\/de\/wp-json\/wp\/v2\/pages\/3971"}],"wp:attachment":[{"href":"https:\/\/sagastad.no\/de\/wp-json\/wp\/v2\/media?parent=3963"}],"curies":[{"name":"wp","href":"https:\/\/api.w.org\/{rel}","templated":true}]}}