{"id":3961,"date":"2021-05-02T18:58:10","date_gmt":"2021-05-02T16:58:10","guid":{"rendered":"http:\/\/sagastad.no\/museumsshop\/"},"modified":"2025-05-22T11:17:26","modified_gmt":"2025-05-22T09:17:26","slug":"museumsshop","status":"publish","type":"page","link":"https:\/\/sagastad.no\/de\/erlebnisse\/museumsshop\/","title":{"rendered":"Museumsshop"},"content":{"rendered":"\t\t<div data-elementor-type=\"wp-page\" data-elementor-id=\"3961\" class=\"elementor elementor-3961 elementor-2223\" data-elementor-post-type=\"page\">\n\t\t\t\t\t\t<section class=\"elementor-section elementor-top-section elementor-element elementor-element-6b6e139a elementor-section-boxed elementor-section-height-default elementor-section-height-default\" data-id=\"6b6e139a\" data-element_type=\"section\" data-e-type=\"section\">\n\t\t\t\t\t\t<div class=\"elementor-container elementor-column-gap-default\">\n\t\t\t\t\t<div class=\"elementor-column elementor-col-33 elementor-top-column elementor-element elementor-element-55a160fa elementor-hidden-phone\" data-id=\"55a160fa\" data-element_type=\"column\" data-e-type=\"column\">\n\t\t\t<div class=\"elementor-widget-wrap elementor-element-populated\">\n\t\t\t\t\t\t<div class=\"elementor-element elementor-element-def951d elementor-widget elementor-widget-global elementor-global-4861 elementor-global-2875 elementor-widget-button\" data-id=\"def951d\" data-element_type=\"widget\" data-e-type=\"widget\" data-widget_type=\"button.default\">\n\t\t\t\t<div class=\"elementor-widget-container\">\n\t\t\t\t\t\t\t\t\t<div class=\"elementor-button-wrapper\">\n\t\t\t\t\t<a class=\"elementor-button elementor-button-link elementor-size-xs\" href=\"https:\/\/booking.sagastad.no\/en\/todo\" target=\"_blank\">\n\t\t\t\t\t\t<span class=\"elementor-button-content-wrapper\">\n\t\t\t\t\t\t\t\t\t<span class=\"elementor-button-text\">Ticket kaufen<\/span>\n\t\t\t\t\t<\/span>\n\t\t\t\t\t<\/a>\n\t\t\t\t<\/div>\n\t\t\t\t\t\t\t\t<\/div>\n\t\t\t\t<\/div>\n\t\t\t\t<div class=\"elementor-element elementor-element-76488b25 elementor-nav-menu__align-start elementor-nav-menu--dropdown-none elementor-widget elementor-widget-nav-menu\" data-id=\"76488b25\" data-element_type=\"widget\" data-e-type=\"widget\" data-settings=\"{&quot;layout&quot;:&quot;vertical&quot;,&quot;submenu_icon&quot;:{&quot;value&quot;:&quot;&lt;i class=\\&quot;fas fa-chevron-down\\&quot; aria-hidden=\\&quot;true\\&quot;&gt;&lt;\\\/i&gt;&quot;,&quot;library&quot;:&quot;fa-solid&quot;}}\" data-widget_type=\"nav-menu.default\">\n\t\t\t\t<div class=\"elementor-widget-container\">\n\t\t\t\t\t\t\t\t<nav aria-label=\"Meny\" class=\"elementor-nav-menu--main elementor-nav-menu__container elementor-nav-menu--layout-vertical e--pointer-none\">\n\t\t\t\t<ul id=\"menu-1-76488b25\" class=\"elementor-nav-menu sm-vertical\"><li class=\"menu-item menu-item-type-post_type menu-item-object-page menu-item-4162\"><a href=\"https:\/\/sagastad.no\/de\/erlebnisse\/die-ausstellung\/\" class=\"elementor-item\">Die Ausstellung<\/a><\/li>\n<li class=\"menu-item menu-item-type-post_type menu-item-object-page menu-item-4163\"><a href=\"https:\/\/sagastad.no\/de\/erlebnisse\/kino\/\" class=\"elementor-item\">Kino<\/a><\/li>\n<li class=\"menu-item menu-item-type-post_type menu-item-object-page menu-item-4164\"><a href=\"https:\/\/sagastad.no\/de\/erlebnisse\/vr\/\" class=\"elementor-item\">VR<\/a><\/li>\n<li class=\"menu-item menu-item-type-post_type menu-item-object-page menu-item-4165\"><a href=\"https:\/\/sagastad.no\/de\/erlebnisse\/museumsshop\/\" class=\"elementor-item\">Museumsshop<\/a><\/li>\n<li class=\"menu-item menu-item-type-post_type menu-item-object-page menu-item-4166\"><a href=\"https:\/\/sagastad.no\/de\/erlebnisse\/akademie\/\" class=\"elementor-item\">Akademie<\/a><\/li>\n<li class=\"menu-item menu-item-type-post_type menu-item-object-page menu-item-4167\"><a href=\"https:\/\/sagastad.no\/de\/erlebnisse\/konzert\/\" class=\"elementor-item\">Konzert<\/a><\/li>\n<li class=\"menu-item menu-item-type-post_type menu-item-object-page menu-item-4169\"><a href=\"https:\/\/sagastad.no\/de\/erlebnisse\/feierliche-anlaesse\/\" class=\"elementor-item\">Feierliche Anl\u00e4sse<\/a><\/li>\n<\/ul>\t\t\t<\/nav>\n\t\t\t\t\t\t<nav class=\"elementor-nav-menu--dropdown elementor-nav-menu__container\" aria-hidden=\"true\">\n\t\t\t\t<ul id=\"menu-2-76488b25\" class=\"elementor-nav-menu sm-vertical\"><li class=\"menu-item menu-item-type-post_type menu-item-object-page menu-item-4162\"><a href=\"https:\/\/sagastad.no\/de\/erlebnisse\/die-ausstellung\/\" class=\"elementor-item\" tabindex=\"-1\">Die Ausstellung<\/a><\/li>\n<li class=\"menu-item menu-item-type-post_type menu-item-object-page menu-item-4163\"><a href=\"https:\/\/sagastad.no\/de\/erlebnisse\/kino\/\" class=\"elementor-item\" tabindex=\"-1\">Kino<\/a><\/li>\n<li class=\"menu-item menu-item-type-post_type menu-item-object-page menu-item-4164\"><a href=\"https:\/\/sagastad.no\/de\/erlebnisse\/vr\/\" class=\"elementor-item\" tabindex=\"-1\">VR<\/a><\/li>\n<li class=\"menu-item menu-item-type-post_type menu-item-object-page menu-item-4165\"><a href=\"https:\/\/sagastad.no\/de\/erlebnisse\/museumsshop\/\" class=\"elementor-item\" tabindex=\"-1\">Museumsshop<\/a><\/li>\n<li class=\"menu-item menu-item-type-post_type menu-item-object-page menu-item-4166\"><a href=\"https:\/\/sagastad.no\/de\/erlebnisse\/akademie\/\" class=\"elementor-item\" tabindex=\"-1\">Akademie<\/a><\/li>\n<li class=\"menu-item menu-item-type-post_type menu-item-object-page menu-item-4167\"><a href=\"https:\/\/sagastad.no\/de\/erlebnisse\/konzert\/\" class=\"elementor-item\" tabindex=\"-1\">Konzert<\/a><\/li>\n<li class=\"menu-item menu-item-type-post_type menu-item-object-page menu-item-4169\"><a href=\"https:\/\/sagastad.no\/de\/erlebnisse\/feierliche-anlaesse\/\" class=\"elementor-item\" tabindex=\"-1\">Feierliche Anl\u00e4sse<\/a><\/li>\n<\/ul>\t\t\t<\/nav>\n\t\t\t\t\t\t<\/div>\n\t\t\t\t<\/div>\n\t\t\t\t\t<\/div>\n\t\t<\/div>\n\t\t\t\t<div class=\"elementor-column elementor-col-66 elementor-top-column elementor-element elementor-element-60bf9824\" data-id=\"60bf9824\" data-element_type=\"column\" data-e-type=\"column\">\n\t\t\t<div class=\"elementor-widget-wrap elementor-element-populated\">\n\t\t\t\t\t\t<div class=\"elementor-element elementor-element-3c021466 elementor-widget elementor-widget-text-editor\" data-id=\"3c021466\" data-element_type=\"widget\" data-e-type=\"widget\" data-widget_type=\"text-editor.default\">\n\t\t\t\t<div class=\"elementor-widget-container\">\n\t\t\t\t\t\t\t\t\t<p>Eine Erinnerung, ein Geschenk oder einfach ein tolles Produkt zur Dekoration oder Verwendung. Der Museumsshop in Sagastad hat f\u00fcr jeden Geschmack etwas zu bieten und wird stets weiter um neue Produkte erg\u00e4nzt.<\/p>\n\t\t\t\t\t\t\t\t<\/div>\n\t\t\t\t<\/div>\n\t\t\t\t<div class=\"elementor-element elementor-element-26add8b7 elementor-widget__width-inherit elementor-widget-tablet__width-inherit elementor-widget elementor-widget-text-editor\" data-id=\"26add8b7\" data-element_type=\"widget\" data-e-type=\"widget\" data-widget_type=\"text-editor.default\">\n\t\t\t\t<div class=\"elementor-widget-container\">\n\t\t\t\t\t\t\t\t\t<p>Der Laden konzentriert sich haupts\u00e4chlich auf das Wikinger-Thema und die eigenen Produkte von Sagastad, bietet aber auch handgefertigte lokale Produkte, exquisiten Schmuck, interessante B\u00fccher und die typischen Souvenirs.<\/p>\n\t\t\t\t\t\t\t\t<\/div>\n\t\t\t\t<\/div>\n\t\t\t\t<div class=\"elementor-element elementor-element-9702a2f elementor-widget elementor-widget-image\" data-id=\"9702a2f\" data-element_type=\"widget\" data-e-type=\"widget\" data-widget_type=\"image.default\">\n\t\t\t\t<div class=\"elementor-widget-container\">\n\t\t\t\t\t\t\t\t\t\t\t\t<figure class=\"wp-caption\">\n\t\t\t\t\t\t\t\t\t\t<img fetchpriority=\"high\" decoding=\"async\" width=\"1000\" height=\"584\" src=\"https:\/\/sagastad.no\/wp-content\/uploads\/2021\/05\/07-museumsbutikken-Ulf-Rugumayo-Amundsen-1000x584.jpg\" class=\"attachment-large size-large wp-image-3888\" alt=\"Museumsbutikken\" srcset=\"https:\/\/sagastad.no\/wp-content\/uploads\/2021\/05\/07-museumsbutikken-Ulf-Rugumayo-Amundsen-1000x584.jpg 1000w, https:\/\/sagastad.no\/wp-content\/uploads\/2021\/05\/07-museumsbutikken-Ulf-Rugumayo-Amundsen-600x350.jpg 600w, https:\/\/sagastad.no\/wp-content\/uploads\/2021\/05\/07-museumsbutikken-Ulf-Rugumayo-Amundsen-768x449.jpg 768w, https:\/\/sagastad.no\/wp-content\/uploads\/2021\/05\/07-museumsbutikken-Ulf-Rugumayo-Amundsen.jpg 1250w\" sizes=\"(max-width: 1000px) 100vw, 1000px\" \/>\t\t\t\t\t\t\t\t\t\t\t<figcaption class=\"widget-image-caption wp-caption-text\">Foto: Ulf Rugumayo Amundsen<\/figcaption>\n\t\t\t\t\t\t\t\t\t\t<\/figure>\n\t\t\t\t\t\t\t\t\t<\/div>\n\t\t\t\t<\/div>\n\t\t\t\t<div class=\"elementor-element elementor-element-94ca669 elementor-widget__width-inherit elementor-widget-tablet__width-inherit elementor-widget elementor-widget-text-editor\" data-id=\"94ca669\" data-element_type=\"widget\" data-e-type=\"widget\" data-widget_type=\"text-editor.default\">\n\t\t\t\t<div class=\"elementor-widget-container\">\n\t\t\t\t\t\t\t\t\t<h3>Einige unserer Favoriten;<\/h3>\n<p><\/p>\n<ul>\n<li>Hnefatafl und Ragnarok Wikingerspiel<\/li>\n<li>Wikingerschwert und Helm f\u00fcr die Kinder<\/li>\n<li>Schiffssarg, gebaut vom Bootsbauer Jakob Helset, der alle Truhen f\u00fcr das Myklebust-Schiff gebaut hat.<\/li>\n<li>B\u00fccher \u00fcber die Wikingerzeit, besonders das Kinderbuch \u00fcber K\u00f6nig Audbj\u00f8rn und Lurken<\/li>\n<li>T-Shirt mit dem Myklebust-Schiff<\/li>\n<li>Trinkhorn und handgeschnitzte Holzfiguren<\/li>\n<li>Der sch\u00f6ne Saga-Schmuck<\/li>\n<li>Schneidebrett aus Kiefernholz, das von den Gangways des Schiffes geschnitten wurde.<\/li>\n<li>Runenschmuck aus Knochen ist einer unserer Bestseller!<\/li>\n<li>Sagastad-Teelichthalter mit dem Myklebust-Schiff darauf<\/li>\n<\/ul>\n\t\t\t\t\t\t\t\t<\/div>\n\t\t\t\t<\/div>\n\t\t\t\t\t<\/div>\n\t\t<\/div>\n\t\t\t\t\t<\/div>\n\t\t<\/section>\n\t\t\t\t<\/div>\n\t\t","protected":false},"excerpt":{"rendered":"<p>Kj\u00f8p billett Eine Erinnerung, ein Geschenk oder einfach ein tolles Produkt zur Dekoration oder Verwendung. Der Museumsshop in Sagastad hat f\u00fcr jeden Geschmack etwas zu bieten und wird stets weiter um neue Produkte erg\u00e4nzt. Der Laden konzentriert sich haupts\u00e4chlich auf das Wikinger-Thema und die eigenen Produkte von Sagastad, bietet aber auch handgefertigte lokale Produkte, exquisiten [&hellip;]<\/p>\n","protected":false},"author":2,"featured_media":0,"parent":3971,"menu_order":0,"comment_status":"closed","ping_status":"closed","template":"","meta":{"iawp_total_views":418,"footnotes":""},"class_list":["post-3961","page","type-page","status-publish","hentry"],"yoast_head":"<!-- This site is optimized with the Yoast SEO plugin v27.2 - https:\/\/yoast.com\/product\/yoast-seo-wordpress\/ -->\n<title>Museumsshop - Sagastad<\/title>\n<meta name=\"robots\" content=\"index, follow, max-snippet:-1, max-image-preview:large, max-video-preview:-1\" \/>\n<link rel=\"canonical\" href=\"https:\/\/sagastad.no\/de\/erlebnisse\/museumsshop\/\" \/>\n<meta property=\"og:locale\" content=\"de_DE\" \/>\n<meta property=\"og:type\" content=\"article\" \/>\n<meta property=\"og:title\" content=\"Museumsshop - Sagastad\" \/>\n<meta property=\"og:description\" content=\"Kj\u00f8p billett Eine Erinnerung, ein Geschenk oder einfach ein tolles Produkt zur Dekoration oder Verwendung. Der Museumsshop in Sagastad hat f\u00fcr jeden Geschmack etwas zu bieten und wird stets weiter um neue Produkte erg\u00e4nzt. Der Laden konzentriert sich haupts\u00e4chlich auf das Wikinger-Thema und die eigenen Produkte von Sagastad, bietet aber auch handgefertigte lokale Produkte, exquisiten [&hellip;]\" \/>\n<meta property=\"og:url\" content=\"https:\/\/sagastad.no\/de\/erlebnisse\/museumsshop\/\" \/>\n<meta property=\"og:site_name\" content=\"Sagastad\" \/>\n<meta property=\"article:modified_time\" content=\"2025-05-22T09:17:26+00:00\" \/>\n<meta property=\"og:image\" content=\"https:\/\/sagastad.no\/wp-content\/uploads\/2021\/05\/07-museumsbutikken-Ulf-Rugumayo-Amundsen.jpg\" \/>\n\t<meta property=\"og:image:width\" content=\"1250\" \/>\n\t<meta property=\"og:image:height\" content=\"730\" \/>\n\t<meta property=\"og:image:type\" content=\"image\/jpeg\" \/>\n<meta name=\"twitter:card\" content=\"summary_large_image\" \/>\n<meta name=\"twitter:label1\" content=\"Gesch\u00e4tzte Lesezeit\" \/>\n\t<meta name=\"twitter:data1\" content=\"2 Minuten\" \/>\n<script type=\"application\/ld+json\" class=\"yoast-schema-graph\">{\"@context\":\"https:\/\/schema.org\",\"@graph\":[{\"@type\":\"WebPage\",\"@id\":\"https:\/\/sagastad.no\/de\/erlebnisse\/museumsshop\/\",\"url\":\"https:\/\/sagastad.no\/de\/erlebnisse\/museumsshop\/\",\"name\":\"Museumsshop - Sagastad\",\"isPartOf\":{\"@id\":\"https:\/\/sagastad.no\/de\/#website\"},\"primaryImageOfPage\":{\"@id\":\"https:\/\/sagastad.no\/de\/erlebnisse\/museumsshop\/#primaryimage\"},\"image\":{\"@id\":\"https:\/\/sagastad.no\/de\/erlebnisse\/museumsshop\/#primaryimage\"},\"thumbnailUrl\":\"https:\/\/sagastad.no\/wp-content\/uploads\/2021\/05\/07-museumsbutikken-Ulf-Rugumayo-Amundsen-1000x584.jpg\",\"datePublished\":\"2021-05-02T16:58:10+00:00\",\"dateModified\":\"2025-05-22T09:17:26+00:00\",\"breadcrumb\":{\"@id\":\"https:\/\/sagastad.no\/de\/erlebnisse\/museumsshop\/#breadcrumb\"},\"inLanguage\":\"de-DE\",\"potentialAction\":[{\"@type\":\"ReadAction\",\"target\":[\"https:\/\/sagastad.no\/de\/erlebnisse\/museumsshop\/\"]}]},{\"@type\":\"ImageObject\",\"inLanguage\":\"de-DE\",\"@id\":\"https:\/\/sagastad.no\/de\/erlebnisse\/museumsshop\/#primaryimage\",\"url\":\"https:\/\/sagastad.no\/wp-content\/uploads\/2021\/05\/07-museumsbutikken-Ulf-Rugumayo-Amundsen-1000x584.jpg\",\"contentUrl\":\"https:\/\/sagastad.no\/wp-content\/uploads\/2021\/05\/07-museumsbutikken-Ulf-Rugumayo-Amundsen-1000x584.jpg\"},{\"@type\":\"BreadcrumbList\",\"@id\":\"https:\/\/sagastad.no\/de\/erlebnisse\/museumsshop\/#breadcrumb\",\"itemListElement\":[{\"@type\":\"ListItem\",\"position\":1,\"name\":\"Hjem\",\"item\":\"https:\/\/sagastad.no\/de\/\"},{\"@type\":\"ListItem\",\"position\":2,\"name\":\"Erlebnisse\",\"item\":\"https:\/\/sagastad.no\/de\/erlebnisse\/\"},{\"@type\":\"ListItem\",\"position\":3,\"name\":\"Museumsshop\"}]},{\"@type\":\"WebSite\",\"@id\":\"https:\/\/sagastad.no\/de\/#website\",\"url\":\"https:\/\/sagastad.no\/de\/\",\"name\":\"Sagastad\",\"description\":\"Explore the Viking Saga\",\"publisher\":{\"@id\":\"https:\/\/sagastad.no\/de\/#organization\"},\"potentialAction\":[{\"@type\":\"SearchAction\",\"target\":{\"@type\":\"EntryPoint\",\"urlTemplate\":\"https:\/\/sagastad.no\/de\/?s={search_term_string}\"},\"query-input\":{\"@type\":\"PropertyValueSpecification\",\"valueRequired\":true,\"valueName\":\"search_term_string\"}}],\"inLanguage\":\"de-DE\"},{\"@type\":\"Organization\",\"@id\":\"https:\/\/sagastad.no\/de\/#organization\",\"name\":\"Sagastad\",\"url\":\"https:\/\/sagastad.no\/de\/\",\"logo\":{\"@type\":\"ImageObject\",\"inLanguage\":\"de-DE\",\"@id\":\"https:\/\/sagastad.no\/de\/#\/schema\/logo\/image\/\",\"url\":\"https:\/\/sagastad.no\/wp-content\/uploads\/2018\/10\/SAGASTAD_LOGO.svg\",\"contentUrl\":\"https:\/\/sagastad.no\/wp-content\/uploads\/2018\/10\/SAGASTAD_LOGO.svg\",\"caption\":\"Sagastad\"},\"image\":{\"@id\":\"https:\/\/sagastad.no\/de\/#\/schema\/logo\/image\/\"}}]}<\/script>\n<!-- \/ Yoast SEO plugin. -->","yoast_head_json":{"title":"Museumsshop - Sagastad","robots":{"index":"index","follow":"follow","max-snippet":"max-snippet:-1","max-image-preview":"max-image-preview:large","max-video-preview":"max-video-preview:-1"},"canonical":"https:\/\/sagastad.no\/de\/erlebnisse\/museumsshop\/","og_locale":"de_DE","og_type":"article","og_title":"Museumsshop - Sagastad","og_description":"Kj\u00f8p billett Eine Erinnerung, ein Geschenk oder einfach ein tolles Produkt zur Dekoration oder Verwendung. Der Museumsshop in Sagastad hat f\u00fcr jeden Geschmack etwas zu bieten und wird stets weiter um neue Produkte erg\u00e4nzt. Der Laden konzentriert sich haupts\u00e4chlich auf das Wikinger-Thema und die eigenen Produkte von Sagastad, bietet aber auch handgefertigte lokale Produkte, exquisiten [&hellip;]","og_url":"https:\/\/sagastad.no\/de\/erlebnisse\/museumsshop\/","og_site_name":"Sagastad","article_modified_time":"2025-05-22T09:17:26+00:00","og_image":[{"width":1250,"height":730,"url":"https:\/\/sagastad.no\/wp-content\/uploads\/2021\/05\/07-museumsbutikken-Ulf-Rugumayo-Amundsen.jpg","type":"image\/jpeg"}],"twitter_card":"summary_large_image","twitter_misc":{"Gesch\u00e4tzte Lesezeit":"2 Minuten"},"schema":{"@context":"https:\/\/schema.org","@graph":[{"@type":"WebPage","@id":"https:\/\/sagastad.no\/de\/erlebnisse\/museumsshop\/","url":"https:\/\/sagastad.no\/de\/erlebnisse\/museumsshop\/","name":"Museumsshop - Sagastad","isPartOf":{"@id":"https:\/\/sagastad.no\/de\/#website"},"primaryImageOfPage":{"@id":"https:\/\/sagastad.no\/de\/erlebnisse\/museumsshop\/#primaryimage"},"image":{"@id":"https:\/\/sagastad.no\/de\/erlebnisse\/museumsshop\/#primaryimage"},"thumbnailUrl":"https:\/\/sagastad.no\/wp-content\/uploads\/2021\/05\/07-museumsbutikken-Ulf-Rugumayo-Amundsen-1000x584.jpg","datePublished":"2021-05-02T16:58:10+00:00","dateModified":"2025-05-22T09:17:26+00:00","breadcrumb":{"@id":"https:\/\/sagastad.no\/de\/erlebnisse\/museumsshop\/#breadcrumb"},"inLanguage":"de-DE","potentialAction":[{"@type":"ReadAction","target":["https:\/\/sagastad.no\/de\/erlebnisse\/museumsshop\/"]}]},{"@type":"ImageObject","inLanguage":"de-DE","@id":"https:\/\/sagastad.no\/de\/erlebnisse\/museumsshop\/#primaryimage","url":"https:\/\/sagastad.no\/wp-content\/uploads\/2021\/05\/07-museumsbutikken-Ulf-Rugumayo-Amundsen-1000x584.jpg","contentUrl":"https:\/\/sagastad.no\/wp-content\/uploads\/2021\/05\/07-museumsbutikken-Ulf-Rugumayo-Amundsen-1000x584.jpg"},{"@type":"BreadcrumbList","@id":"https:\/\/sagastad.no\/de\/erlebnisse\/museumsshop\/#breadcrumb","itemListElement":[{"@type":"ListItem","position":1,"name":"Hjem","item":"https:\/\/sagastad.no\/de\/"},{"@type":"ListItem","position":2,"name":"Erlebnisse","item":"https:\/\/sagastad.no\/de\/erlebnisse\/"},{"@type":"ListItem","position":3,"name":"Museumsshop"}]},{"@type":"WebSite","@id":"https:\/\/sagastad.no\/de\/#website","url":"https:\/\/sagastad.no\/de\/","name":"Sagastad","description":"Explore the Viking Saga","publisher":{"@id":"https:\/\/sagastad.no\/de\/#organization"},"potentialAction":[{"@type":"SearchAction","target":{"@type":"EntryPoint","urlTemplate":"https:\/\/sagastad.no\/de\/?s={search_term_string}"},"query-input":{"@type":"PropertyValueSpecification","valueRequired":true,"valueName":"search_term_string"}}],"inLanguage":"de-DE"},{"@type":"Organization","@id":"https:\/\/sagastad.no\/de\/#organization","name":"Sagastad","url":"https:\/\/sagastad.no\/de\/","logo":{"@type":"ImageObject","inLanguage":"de-DE","@id":"https:\/\/sagastad.no\/de\/#\/schema\/logo\/image\/","url":"https:\/\/sagastad.no\/wp-content\/uploads\/2018\/10\/SAGASTAD_LOGO.svg","contentUrl":"https:\/\/sagastad.no\/wp-content\/uploads\/2018\/10\/SAGASTAD_LOGO.svg","caption":"Sagastad"},"image":{"@id":"https:\/\/sagastad.no\/de\/#\/schema\/logo\/image\/"}}]}},"_links":{"self":[{"href":"https:\/\/sagastad.no\/de\/wp-json\/wp\/v2\/pages\/3961","targetHints":{"allow":["GET"]}}],"collection":[{"href":"https:\/\/sagastad.no\/de\/wp-json\/wp\/v2\/pages"}],"about":[{"href":"https:\/\/sagastad.no\/de\/wp-json\/wp\/v2\/types\/page"}],"author":[{"embeddable":true,"href":"https:\/\/sagastad.no\/de\/wp-json\/wp\/v2\/users\/2"}],"replies":[{"embeddable":true,"href":"https:\/\/sagastad.no\/de\/wp-json\/wp\/v2\/comments?post=3961"}],"version-history":[{"count":0,"href":"https:\/\/sagastad.no\/de\/wp-json\/wp\/v2\/pages\/3961\/revisions"}],"up":[{"embeddable":true,"href":"https:\/\/sagastad.no\/de\/wp-json\/wp\/v2\/pages\/3971"}],"wp:attachment":[{"href":"https:\/\/sagastad.no\/de\/wp-json\/wp\/v2\/media?parent=3961"}],"curies":[{"name":"wp","href":"https:\/\/api.w.org\/{rel}","templated":true}]}}